
{"id":9270,"date":"2024-01-03T15:52:52","date_gmt":"2024-01-03T14:52:52","guid":{"rendered":"https:\/\/vod.healthyketodiet.com\/?post_type=product&#038;p=9270"},"modified":"2024-01-03T15:53:26","modified_gmt":"2024-01-03T14:53:26","slug":"dieta-ketogenialna-2-0-specjalna-promocja-5","status":"publish","type":"product","link":"https:\/\/vod.healthyketodiet.com\/pl\/product\/dieta-ketogenialna-2-0-specjalna-promocja-5\/","title":{"rendered":"Dieta KetoGenialna 2.0 &#8211; Specjalna promocja 5"},"content":{"rendered":"<p>Chcia\u0142bym Ci\u0119 oczarowa\u0107 niezwyk\u0142\u0105 perspektyw\u0105 &#8211; mo\u017cliwo\u015b\u0107 osi\u0105gni\u0119cia cel\u00f3w odchudzania bez uci\u0105\u017cliwego liczenia kalorii! Odkryj tajemnic\u0119 Diety Ketogenialnej, kt\u00f3ra ca\u0142kowicie zmieni Twoje podej\u015bcie do jedzenia. Przekonaj si\u0119, \u017ce zdrowa dieta mo\u017ce by\u0107 prosta i skuteczna!<\/p>\n<p><span style=\"font-weight: 400;\">Dieta Ketogenialna opiera si\u0119 na zasadzie insulinooporno\u015bci, kt\u00f3ra wp\u0142ywa na nasz organizm w spos\u00f3b kluczowy. Dzi\u0119ki wyj\u0105tkowemu podej\u015bciu do \u017cywienia, nie tylko pozb\u0119dziesz si\u0119 zb\u0119dnych kilogram\u00f3w, ale r\u00f3wnie\u017c zadbasz o swoje zdrowie i samopoczucie. Ju\u017c nie b\u0119dziesz musia\u0142\/a traci\u0107 czasu na liczenie kalorii \u2013 zamiast tego poznasz tajniki zr\u00f3wnowa\u017conej diety opartej na 2-3 pysznych posi\u0142kach.<\/span><\/p>\n<p><span style=\"font-weight: 400;\">Co jeszcze zyskasz, wybieraj\u0105c Diet\u0119 Ketogenialn\u0105? Tw\u00f3j plan \u017cywieniowy zostanie zaprojektowany tak, by maksymalnie wspom\u00f3c proces odchudzania, jednocze\u015bnie dbaj\u0105c o Twoje zdrowie. Dzi\u0119ki niemu, Twoje cia\u0142o b\u0119dzie pe\u0142ne energii, a zm\u0119czenie odejdzie w niepami\u0119\u0107.<\/span><\/p>\n<p><span style=\"font-weight: 400;\">Pami\u0119taj, \u017ce to nie tylko kurs \u2013 to klucz do lepszego \u017cycia. Z Diet\u0105 Ketogenialn\u0105, zyskasz nie tylko doskona\u0142\u0105 sylwetk\u0119, ale tak\u017ce pe\u0142ni\u0119 energii i zdrowie. Otw\u00f3rz drzwi do lepszego jutra, ju\u017c teraz zacznij zmienia\u0107 swoje \u017cycie dzi\u0119ki tej rewolucyjnej diecie!<\/span><\/p>\n<p><b>W kursie nauczysz si\u0119 m.in:<\/b><\/p>\n<ul>\n<li style=\"font-weight: 400;\" aria-level=\"1\"><span style=\"font-weight: 400;\">Jak schudn\u0105\u0107 10\/20\/30+ kg w ci\u0105gu 90 dni bez \u0107wiczenia i efektu Jojo.<\/span><\/li>\n<li style=\"font-weight: 400;\" aria-level=\"1\"><span style=\"font-weight: 400;\">Jak bez liczenia kalorii, g\u0142odowania i spo\u017cywania 5 posi\u0142k\u00f3w dziennie schudn\u0105\u0107 szybko i \u0142atwo<\/span><\/li>\n<li style=\"font-weight: 400;\" aria-level=\"1\"><span style=\"font-weight: 400;\">Jak raz na zawsze wyeliminowa\u0107 zm\u0119czenie, senno\u015b\u0107 i tryska\u0107 energi\u0105 w ci\u0105gu dnia<\/span><\/li>\n<li style=\"font-weight: 400;\" aria-level=\"1\"><span style=\"font-weight: 400;\">Jak prosto i szybko przygotowywa\u0107 smaczne, zdrowe i odchudzaj\u0105ce posi\u0142ki<\/span><\/li>\n<li style=\"font-weight: 400;\" aria-level=\"1\"><span style=\"font-weight: 400;\">Jak je\u015b\u0107 tylko 1-2 posi\u0142ki dziennie, bez uczucia g\u0142odu i b\u0119d\u0105c pe\u0142nym energii<\/span><\/li>\n<li style=\"font-weight: 400;\" aria-level=\"1\"><span style=\"font-weight: 400;\">Jak osi\u0105gn\u0105\u0107 trwa\u0142e rezultaty bez wymy\u015blnych diet i drogich, skomplikowanych posi\u0142k\u00f3w<\/span><\/li>\n<\/ul>\n<p><b>Kurs zawiera:<\/b><\/p>\n<ul>\n<li aria-level=\"1\"><span style=\"font-weight: 400;\">Ponad 11h merytorycznej i skondensowanej wiedzy<\/span><\/li>\n<li style=\"font-weight: 400;\" aria-level=\"1\"><span style=\"font-weight: 400;\">4 nagrane w studiu modu\u0142y wideo, kt\u00f3re przeprowadz\u0105 Ci\u0119 przez proces wej\u015bcia w stan ketozy<\/span><\/li>\n<li style=\"font-weight: 400;\" aria-level=\"1\"><span style=\"font-weight: 400;\">45 nagra\u0144 opartych na do\u015bwiadczeniu przy pracy z 12.000 klient\u00f3w<\/span><\/li>\n<li style=\"font-weight: 400;\" aria-level=\"1\"><span style=\"font-weight: 400;\">Podsumowanie wideo i FAQ, czyli najcz\u0119stsze pytania i odpowiedzi<\/span><\/li>\n<li style=\"font-weight: 400;\" aria-level=\"1\"><span style=\"font-weight: 400;\">Dodatkow\u0105 lekcj\u0119: Jak zrobi\u0107 keto wege<\/span><\/li>\n<\/ul>\n<p><span style=\"font-weight: 400;\">Oraz tak\u017ce:\u00a0<\/span><\/p>\n<p><b>Bonusy:<\/b><\/p>\n<p><b>Bonus 1 &#8211; \u201cGotuj Szybko, Chudnij Szybciej\u201d<\/b><\/p>\n<ul>\n<li style=\"font-weight: 400;\" aria-level=\"1\"><span style=\"font-weight: 400;\">Ponad 50 przepis\u00f3w Ketogenialnych<\/span><\/li>\n<li style=\"font-weight: 400;\" aria-level=\"1\"><span style=\"font-weight: 400;\">Zupa Mocy \u2013 czyli ros\u00f3\u0142 ketogeniczny\u00a0\u00a0<\/span><\/li>\n<li style=\"font-weight: 400;\" aria-level=\"1\"><span style=\"font-weight: 400;\">Przepisy dla Twoich dzieci\u00a0<\/span><\/li>\n<li style=\"font-weight: 400;\" aria-level=\"1\"><span style=\"font-weight: 400;\">Przepisy \u015bwi\u0105teczne<\/span><\/li>\n<li aria-level=\"1\">Ebook: Keto Jad\u0142ospis &#8211; Przepisy na 10 dni<\/li>\n<\/ul>\n<p><b>Bonus 2 &#8211; \u201cZakupy Smaku i Oszcz\u0119dno\u015bci\u201d<\/b><\/p>\n<ul>\n<li style=\"font-weight: 400;\" aria-level=\"1\"><span style=\"font-weight: 400;\">Lista zakup\u00f3w\/ produkt\u00f3w na redukcji \u2013 pierwsze 3-4 tygodnie\u00a0<\/span><\/li>\n<li style=\"font-weight: 400;\" aria-level=\"1\"><span style=\"font-weight: 400;\">Lista zakup\u00f3w\/produkt\u00f3w na redukcji \u2013 kolejne tygodnie\u00a0<\/span><\/li>\n<li style=\"font-weight: 400;\" aria-level=\"1\"><span style=\"font-weight: 400;\">Lista zakup\u00f3w\/produkt\u00f3w dozwolonych na diecie keto genialnej<\/span><\/li>\n<\/ul>\n<p><b>Bonus 3 &#8211; \u201cPomiar Post\u0119pu\u201d<\/b><\/p>\n<ul>\n<li style=\"font-weight: 400;\" aria-level=\"1\"><span style=\"font-weight: 400;\">Nagranie &#8211; Jakie zrobi\u0107 badania?<\/span><\/li>\n<li style=\"font-weight: 400;\" aria-level=\"1\"><span style=\"font-weight: 400;\">PDF &#8211; Badania przed diet\u0105\u00a0<\/span><\/li>\n<li style=\"font-weight: 400;\" aria-level=\"1\"><span style=\"font-weight: 400;\">Nagranie &#8211; Interpretacja wynik\u00f3w\u00a0<\/span><\/li>\n<li style=\"font-weight: 400;\" aria-level=\"1\"><span style=\"font-weight: 400;\">Tabela pomiar\u00f3w cukrowych<\/span><\/li>\n<li style=\"font-weight: 400;\" aria-level=\"1\"><span style=\"font-weight: 400;\">Tabela pomiar\u00f3w redukcyjnych\u00a0<\/span><\/li>\n<\/ul>\n<p><b>Bonus 4 &#8211; \u201cSuplementacja Mistrza\u201d<\/b><\/p>\n<ul>\n<li style=\"font-weight: 400;\" aria-level=\"1\"><span style=\"font-weight: 400;\">Jak dawkowa\u0107 witaminy?<\/span><\/li>\n<li style=\"font-weight: 400;\" aria-level=\"1\"><span style=\"font-weight: 400;\">4 Nagrania dotycz\u0105ce suplementacji\u00a0<\/span><\/li>\n<\/ul>\n<p><b>Bonus 5 \u201cWsparcie Sukcesu\u201d<\/b><\/p>\n<ul>\n<li style=\"font-weight: 400;\" aria-level=\"1\"><span style=\"font-weight: 400;\">PDF &#8211; ABC Diety ketogenicznej czyli FAQ<\/span><\/li>\n<li style=\"font-weight: 400;\" aria-level=\"1\"><span style=\"font-weight: 400;\">PDF &#8211; Wskaz\u00f3wki do diety ketogenicznej<\/span><\/li>\n<li style=\"font-weight: 400;\" aria-level=\"1\"><span style=\"font-weight: 400;\">Nagranie Webinaru &#8211; Najwi\u0119ksze b\u0142\u0119dy na keto\u00a0<\/span><\/li>\n<li style=\"font-weight: 400;\" aria-level=\"1\"><span style=\"font-weight: 400;\">Nagranie Webinaru &#8211; Dlaczego mamy efekt Yoyo, jak go unikn\u0105\u0107?\u00a0<\/span><\/li>\n<li style=\"font-weight: 400;\" aria-level=\"1\"><span style=\"font-weight: 400;\">Nagranie Webinaru &#8211; Jak postawic\u0301 sie\u0328 cukrzycy typu 2?<\/span><\/li>\n<li style=\"font-weight: 400;\" aria-level=\"1\"><span style=\"font-weight: 400;\">Nagranie Live Q&amp;A #1 &#8211; Wysi\u0142ek fizyczny na keto<\/span><\/li>\n<li style=\"font-weight: 400;\" aria-level=\"1\"><span style=\"font-weight: 400;\">Nagranie Live Q&amp;A #2 &#8211; Dlaczego dieta keto nie obci\u0105\u017ca nerek<\/span><\/li>\n<li style=\"font-weight: 400;\" aria-level=\"1\"><span style=\"font-weight: 400;\">Nagranie Live Q&amp;A #3 &#8211; Popraw swoje zdrowie, masz je tylko jedno!<\/span><\/li>\n<li style=\"font-weight: 400;\" aria-level=\"1\"><span style=\"font-weight: 400;\">Nagranie Live Q&amp;A #4 &#8211;\u00a0<\/span><\/li>\n<li style=\"font-weight: 400;\" aria-level=\"1\"><span style=\"font-weight: 400;\">Cykliczne Webinary z pytaniami i odpowiedziami online<\/span><\/li>\n<li style=\"font-weight: 400;\" aria-level=\"1\"><span style=\"font-weight: 400;\">Dost\u0119p do zamkni\u0119tej grupy Facebook<\/span><\/li>\n<\/ul>\n<p><b>Bonus 6 \u201cDodatkowa wiedza\u201d<\/b><\/p>\n<ul>\n<li style=\"font-weight: 400;\" aria-level=\"1\"><span style=\"font-weight: 400;\">Nagranie &#8211; Objawy i konsekwencje IO<\/span><\/li>\n<li style=\"font-weight: 400;\" aria-level=\"1\"><span style=\"font-weight: 400;\">Nagranie &#8211; Jak rozwija si\u0119 insulinooporno\u015b\u0107<\/span><\/li>\n<li style=\"font-weight: 400;\" aria-level=\"1\"><span style=\"font-weight: 400;\">Nagranie &#8211; Insulinooporno\u015b\u0107 epidemia XXI<\/span><\/li>\n<li style=\"font-weight: 400;\" aria-level=\"1\"><span style=\"font-weight: 400;\">Nagranie &#8211; IO Diagnostyka i co zrobi\u0107 dalej<\/span><\/li>\n<li style=\"font-weight: 400;\" aria-level=\"1\"><span style=\"font-weight: 400;\">Nagranie &#8211; <\/span><span style=\"font-weight: 400;\">Jak wspom\u00f3c prac\u0119 tarczycy?<\/span><\/li>\n<li style=\"font-weight: 400;\" aria-level=\"1\"><span style=\"font-weight: 400;\">Nagranie &#8211; Dlaczego obni\u017ca si\u0119 metabolizm?<\/span><\/li>\n<li style=\"font-weight: 400;\" aria-level=\"1\"><span style=\"font-weight: 400;\">Nagranie &#8211; Jak mo\u017cna nakr\u0119ci\u0107 metabolizm?<\/span><\/li>\n<li style=\"font-weight: 400;\" aria-level=\"1\"><span style=\"font-weight: 400;\">Nagranie &#8211; Dlaczego warto ograniczy\u0107 w\u0119gle?<\/span><\/li>\n<li style=\"font-weight: 400;\" aria-level=\"1\"><span style=\"font-weight: 400;\">Nagranie &#8211; Indeksy<\/span><\/li>\n<\/ul>\n","protected":false},"excerpt":{"rendered":"<p>Chcia\u0142bym Ci\u0119 oczarowa\u0107 niezwyk\u0142\u0105 perspektyw\u0105 &#8211; mo\u017cliwo\u015b\u0107 osi\u0105gni\u0119cia cel\u00f3w odchudzania bez uci\u0105\u017cliwego liczenia kalorii! Odkryj tajemnic\u0119 Diety Ketogenialnej, kt\u00f3ra ca\u0142kowicie zmieni Twoje podej\u015bcie do jedzenia. Przekonaj si\u0119, \u017ce zdrowa dieta mo\u017ce by\u0107 prosta i skuteczna! Dieta Ketogenialna opiera si\u0119 na zasadzie insulinooporno\u015bci, kt\u00f3ra wp\u0142ywa na nasz organizm w spos\u00f3b kluczowy. Dzi\u0119ki wyj\u0105tkowemu podej\u015bciu do \u017cywienia, [&hellip;]<\/p>\n","protected":false},"featured_media":5988,"comment_status":"closed","ping_status":"closed","template":"","meta":{"site-sidebar-layout":"default","site-content-layout":"default","ast-site-content-layout":"","site-content-style":"default","site-sidebar-style":"default","ast-global-header-display":"","ast-banner-title-visibility":"","ast-main-header-display":"","ast-hfb-above-header-display":"","ast-hfb-below-header-display":"","ast-hfb-mobile-header-display":"","site-post-title":"","ast-breadcrumbs-content":"","ast-featured-img":"","footer-sml-layout":"","theme-transparent-header-meta":"default","adv-header-id-meta":"","stick-header-meta":"","header-above-stick-meta":"","header-main-stick-meta":"","header-below-stick-meta":"","astra-migrate-meta-layouts":"default","ast-page-background-enabled":"default","ast-page-background-meta":{"desktop":{"background-color":"","background-image":"","background-repeat":"repeat","background-position":"center center","background-size":"auto","background-attachment":"scroll","background-type":"","background-media":"","overlay-type":"","overlay-color":"","overlay-gradient":""},"tablet":{"background-color":"","background-image":"","background-repeat":"repeat","background-position":"center center","background-size":"auto","background-attachment":"scroll","background-type":"","background-media":"","overlay-type":"","overlay-color":"","overlay-gradient":""},"mobile":{"background-color":"","background-image":"","background-repeat":"repeat","background-position":"center center","background-size":"auto","background-attachment":"scroll","background-type":"","background-media":"","overlay-type":"","overlay-color":"","overlay-gradient":""}},"ast-content-background-meta":{"desktop":{"background-color":"var(--ast-global-color-5)","background-image":"","background-repeat":"repeat","background-position":"center center","background-size":"auto","background-attachment":"scroll","background-type":"","background-media":"","overlay-type":"","overlay-color":"","overlay-gradient":""},"tablet":{"background-color":"var(--ast-global-color-5)","background-image":"","background-repeat":"repeat","background-position":"center center","background-size":"auto","background-attachment":"scroll","background-type":"","background-media":"","overlay-type":"","overlay-color":"","overlay-gradient":""},"mobile":{"background-color":"var(--ast-global-color-5)","background-image":"","background-repeat":"repeat","background-position":"center center","background-size":"auto","background-attachment":"scroll","background-type":"","background-media":"","overlay-type":"","overlay-color":"","overlay-gradient":""}}},"product_cat":[92],"product_tag":[95,102],"class_list":{"0":"post-9270","1":"product","2":"type-product","3":"status-publish","4":"has-post-thumbnail","6":"product_cat-organic-traffic","7":"product_tag-coreofferlp","8":"product_tag-seo","9":"desktop-align-left","10":"tablet-align-left","11":"mobile-align-left","13":"first","14":"instock","15":"sale","16":"virtual","17":"sold-individually","18":"purchasable","19":"product-type-simple"},"yoast_head":"<!-- This site is optimized with the Yoast SEO plugin v24.0 - https:\/\/yoast.com\/wordpress\/plugins\/seo\/ -->\n<title>Dieta KetoGenialna 2.0 - Specjalna promocja 5 - Platforma VOD KetoDietetyk.pl - Grzegorz Klonek<\/title>\n<meta name=\"robots\" content=\"noindex, follow, max-snippet:-1, max-image-preview:large, max-video-preview:-1\" \/>\n<meta property=\"og:locale\" content=\"pl_PL\" \/>\n<meta property=\"og:type\" content=\"article\" \/>\n<meta property=\"og:title\" content=\"Dieta KetoGenialna 2.0 - Specjalna promocja 5 - Platforma VOD KetoDietetyk.pl - Grzegorz Klonek\" \/>\n<meta property=\"og:description\" content=\"Chcia\u0142bym Ci\u0119 oczarowa\u0107 niezwyk\u0142\u0105 perspektyw\u0105 &#8211; mo\u017cliwo\u015b\u0107 osi\u0105gni\u0119cia cel\u00f3w odchudzania bez uci\u0105\u017cliwego liczenia kalorii! Odkryj tajemnic\u0119 Diety Ketogenialnej, kt\u00f3ra ca\u0142kowicie zmieni Twoje podej\u015bcie do jedzenia. Przekonaj si\u0119, \u017ce zdrowa dieta mo\u017ce by\u0107 prosta i skuteczna! Dieta Ketogenialna opiera si\u0119 na zasadzie insulinooporno\u015bci, kt\u00f3ra wp\u0142ywa na nasz organizm w spos\u00f3b kluczowy. Dzi\u0119ki wyj\u0105tkowemu podej\u015bciu do \u017cywienia, [&hellip;]\" \/>\n<meta property=\"og:url\" content=\"https:\/\/vod.healthyketodiet.com\/pl\/product\/dieta-ketogenialna-2-0-specjalna-promocja-5\/\" \/>\n<meta property=\"og:site_name\" content=\"Platforma VOD KetoDietetyk.pl - Grzegorz Klonek\" \/>\n<meta property=\"article:modified_time\" content=\"2024-01-03T14:53:26+00:00\" \/>\n<meta property=\"og:image\" content=\"https:\/\/vod.healthyketodiet.com\/wp-content\/uploads\/2021\/08\/3d.png\" \/>\n\t<meta property=\"og:image:width\" content=\"700\" \/>\n\t<meta property=\"og:image:height\" content=\"526\" \/>\n\t<meta property=\"og:image:type\" content=\"image\/png\" \/>\n<meta name=\"twitter:card\" content=\"summary_large_image\" \/>\n<meta name=\"twitter:label1\" content=\"Szacowany czas czytania\" \/>\n\t<meta name=\"twitter:data1\" content=\"4 minuty\" \/>\n<script type=\"application\/ld+json\" class=\"yoast-schema-graph\">{\"@context\":\"https:\/\/schema.org\",\"@graph\":[{\"@type\":\"WebPage\",\"@id\":\"https:\/\/vod.healthyketodiet.com\/pl\/product\/dieta-ketogenialna-2-0-specjalna-promocja-5\/\",\"url\":\"https:\/\/vod.healthyketodiet.com\/pl\/product\/dieta-ketogenialna-2-0-specjalna-promocja-5\/\",\"name\":\"Dieta KetoGenialna 2.0 - Specjalna promocja 5 - Platforma VOD KetoDietetyk.pl - Grzegorz Klonek\",\"isPartOf\":{\"@id\":\"https:\/\/vod.healthyketodiet.com\/pl\/#website\"},\"primaryImageOfPage\":{\"@id\":\"https:\/\/vod.healthyketodiet.com\/pl\/product\/dieta-ketogenialna-2-0-specjalna-promocja-5\/#primaryimage\"},\"image\":{\"@id\":\"https:\/\/vod.healthyketodiet.com\/pl\/product\/dieta-ketogenialna-2-0-specjalna-promocja-5\/#primaryimage\"},\"thumbnailUrl\":\"https:\/\/vod.healthyketodiet.com\/wp-content\/uploads\/2021\/08\/3d.png\",\"datePublished\":\"2024-01-03T14:52:52+00:00\",\"dateModified\":\"2024-01-03T14:53:26+00:00\",\"breadcrumb\":{\"@id\":\"https:\/\/vod.healthyketodiet.com\/pl\/product\/dieta-ketogenialna-2-0-specjalna-promocja-5\/#breadcrumb\"},\"inLanguage\":\"pl-PL\",\"potentialAction\":[{\"@type\":\"ReadAction\",\"target\":[\"https:\/\/vod.healthyketodiet.com\/pl\/product\/dieta-ketogenialna-2-0-specjalna-promocja-5\/\"]}]},{\"@type\":\"ImageObject\",\"inLanguage\":\"pl-PL\",\"@id\":\"https:\/\/vod.healthyketodiet.com\/pl\/product\/dieta-ketogenialna-2-0-specjalna-promocja-5\/#primaryimage\",\"url\":\"https:\/\/vod.healthyketodiet.com\/wp-content\/uploads\/2021\/08\/3d.png\",\"contentUrl\":\"https:\/\/vod.healthyketodiet.com\/wp-content\/uploads\/2021\/08\/3d.png\",\"width\":700,\"height\":526},{\"@type\":\"BreadcrumbList\",\"@id\":\"https:\/\/vod.healthyketodiet.com\/pl\/product\/dieta-ketogenialna-2-0-specjalna-promocja-5\/#breadcrumb\",\"itemListElement\":[{\"@type\":\"ListItem\",\"position\":1,\"name\":\"Produkty\",\"item\":\"https:\/\/vod.healthyketodiet.com\/pl\/shop\/\"},{\"@type\":\"ListItem\",\"position\":2,\"name\":\"Dieta KetoGenialna 2.0 &#8211; Specjalna promocja 5\"}]},{\"@type\":\"WebSite\",\"@id\":\"https:\/\/vod.healthyketodiet.com\/pl\/#website\",\"url\":\"https:\/\/vod.healthyketodiet.com\/pl\/\",\"name\":\"Platforma VOD KetoDietetyk.pl - Grzegorz Klonek\",\"description\":\"\",\"publisher\":{\"@id\":\"https:\/\/vod.healthyketodiet.com\/pl\/#organization\"},\"potentialAction\":[{\"@type\":\"SearchAction\",\"target\":{\"@type\":\"EntryPoint\",\"urlTemplate\":\"https:\/\/vod.healthyketodiet.com\/pl\/?s={search_term_string}\"},\"query-input\":{\"@type\":\"PropertyValueSpecification\",\"valueRequired\":true,\"valueName\":\"search_term_string\"}}],\"inLanguage\":\"pl-PL\"},{\"@type\":\"Organization\",\"@id\":\"https:\/\/vod.healthyketodiet.com\/pl\/#organization\",\"name\":\"Platforma VOD KetoDietetyk.pl - Grzegorz Klonek\",\"url\":\"https:\/\/vod.healthyketodiet.com\/pl\/\",\"logo\":{\"@type\":\"ImageObject\",\"inLanguage\":\"pl-PL\",\"@id\":\"https:\/\/vod.healthyketodiet.com\/pl\/#\/schema\/logo\/image\/\",\"url\":\"https:\/\/vod.healthyketodiet.com\/wp-content\/uploads\/2024\/05\/cropped-enlogo2.png\",\"contentUrl\":\"https:\/\/vod.healthyketodiet.com\/wp-content\/uploads\/2024\/05\/cropped-enlogo2.png\",\"width\":233,\"height\":75,\"caption\":\"Platforma VOD KetoDietetyk.pl - Grzegorz Klonek\"},\"image\":{\"@id\":\"https:\/\/vod.healthyketodiet.com\/pl\/#\/schema\/logo\/image\/\"}}]}<\/script>\n<!-- \/ Yoast SEO plugin. -->","yoast_head_json":{"title":"Dieta KetoGenialna 2.0 - Specjalna promocja 5 - Platforma VOD KetoDietetyk.pl - Grzegorz Klonek","robots":{"index":"noindex","follow":"follow","max-snippet":"max-snippet:-1","max-image-preview":"max-image-preview:large","max-video-preview":"max-video-preview:-1"},"og_locale":"pl_PL","og_type":"article","og_title":"Dieta KetoGenialna 2.0 - Specjalna promocja 5 - Platforma VOD KetoDietetyk.pl - Grzegorz Klonek","og_description":"Chcia\u0142bym Ci\u0119 oczarowa\u0107 niezwyk\u0142\u0105 perspektyw\u0105 &#8211; mo\u017cliwo\u015b\u0107 osi\u0105gni\u0119cia cel\u00f3w odchudzania bez uci\u0105\u017cliwego liczenia kalorii! Odkryj tajemnic\u0119 Diety Ketogenialnej, kt\u00f3ra ca\u0142kowicie zmieni Twoje podej\u015bcie do jedzenia. Przekonaj si\u0119, \u017ce zdrowa dieta mo\u017ce by\u0107 prosta i skuteczna! Dieta Ketogenialna opiera si\u0119 na zasadzie insulinooporno\u015bci, kt\u00f3ra wp\u0142ywa na nasz organizm w spos\u00f3b kluczowy. Dzi\u0119ki wyj\u0105tkowemu podej\u015bciu do \u017cywienia, [&hellip;]","og_url":"https:\/\/vod.healthyketodiet.com\/pl\/product\/dieta-ketogenialna-2-0-specjalna-promocja-5\/","og_site_name":"Platforma VOD KetoDietetyk.pl - Grzegorz Klonek","article_modified_time":"2024-01-03T14:53:26+00:00","og_image":[{"width":700,"height":526,"url":"https:\/\/vod.healthyketodiet.com\/wp-content\/uploads\/2021\/08\/3d.png","type":"image\/png"}],"twitter_card":"summary_large_image","twitter_misc":{"Szacowany czas czytania":"4 minuty"},"schema":{"@context":"https:\/\/schema.org","@graph":[{"@type":"WebPage","@id":"https:\/\/vod.healthyketodiet.com\/pl\/product\/dieta-ketogenialna-2-0-specjalna-promocja-5\/","url":"https:\/\/vod.healthyketodiet.com\/pl\/product\/dieta-ketogenialna-2-0-specjalna-promocja-5\/","name":"Dieta KetoGenialna 2.0 - Specjalna promocja 5 - Platforma VOD KetoDietetyk.pl - Grzegorz Klonek","isPartOf":{"@id":"https:\/\/vod.healthyketodiet.com\/pl\/#website"},"primaryImageOfPage":{"@id":"https:\/\/vod.healthyketodiet.com\/pl\/product\/dieta-ketogenialna-2-0-specjalna-promocja-5\/#primaryimage"},"image":{"@id":"https:\/\/vod.healthyketodiet.com\/pl\/product\/dieta-ketogenialna-2-0-specjalna-promocja-5\/#primaryimage"},"thumbnailUrl":"https:\/\/vod.healthyketodiet.com\/wp-content\/uploads\/2021\/08\/3d.png","datePublished":"2024-01-03T14:52:52+00:00","dateModified":"2024-01-03T14:53:26+00:00","breadcrumb":{"@id":"https:\/\/vod.healthyketodiet.com\/pl\/product\/dieta-ketogenialna-2-0-specjalna-promocja-5\/#breadcrumb"},"inLanguage":"pl-PL","potentialAction":[{"@type":"ReadAction","target":["https:\/\/vod.healthyketodiet.com\/pl\/product\/dieta-ketogenialna-2-0-specjalna-promocja-5\/"]}]},{"@type":"ImageObject","inLanguage":"pl-PL","@id":"https:\/\/vod.healthyketodiet.com\/pl\/product\/dieta-ketogenialna-2-0-specjalna-promocja-5\/#primaryimage","url":"https:\/\/vod.healthyketodiet.com\/wp-content\/uploads\/2021\/08\/3d.png","contentUrl":"https:\/\/vod.healthyketodiet.com\/wp-content\/uploads\/2021\/08\/3d.png","width":700,"height":526},{"@type":"BreadcrumbList","@id":"https:\/\/vod.healthyketodiet.com\/pl\/product\/dieta-ketogenialna-2-0-specjalna-promocja-5\/#breadcrumb","itemListElement":[{"@type":"ListItem","position":1,"name":"Produkty","item":"https:\/\/vod.healthyketodiet.com\/pl\/shop\/"},{"@type":"ListItem","position":2,"name":"Dieta KetoGenialna 2.0 &#8211; Specjalna promocja 5"}]},{"@type":"WebSite","@id":"https:\/\/vod.healthyketodiet.com\/pl\/#website","url":"https:\/\/vod.healthyketodiet.com\/pl\/","name":"Platforma VOD KetoDietetyk.pl - Grzegorz Klonek","description":"","publisher":{"@id":"https:\/\/vod.healthyketodiet.com\/pl\/#organization"},"potentialAction":[{"@type":"SearchAction","target":{"@type":"EntryPoint","urlTemplate":"https:\/\/vod.healthyketodiet.com\/pl\/?s={search_term_string}"},"query-input":{"@type":"PropertyValueSpecification","valueRequired":true,"valueName":"search_term_string"}}],"inLanguage":"pl-PL"},{"@type":"Organization","@id":"https:\/\/vod.healthyketodiet.com\/pl\/#organization","name":"Platforma VOD KetoDietetyk.pl - Grzegorz Klonek","url":"https:\/\/vod.healthyketodiet.com\/pl\/","logo":{"@type":"ImageObject","inLanguage":"pl-PL","@id":"https:\/\/vod.healthyketodiet.com\/pl\/#\/schema\/logo\/image\/","url":"https:\/\/vod.healthyketodiet.com\/wp-content\/uploads\/2024\/05\/cropped-enlogo2.png","contentUrl":"https:\/\/vod.healthyketodiet.com\/wp-content\/uploads\/2024\/05\/cropped-enlogo2.png","width":233,"height":75,"caption":"Platforma VOD KetoDietetyk.pl - Grzegorz Klonek"},"image":{"@id":"https:\/\/vod.healthyketodiet.com\/pl\/#\/schema\/logo\/image\/"}}]}},"_links":{"self":[{"href":"https:\/\/vod.healthyketodiet.com\/pl\/wp-json\/wp\/v2\/product\/9270","targetHints":{"allow":["GET"]}}],"collection":[{"href":"https:\/\/vod.healthyketodiet.com\/pl\/wp-json\/wp\/v2\/product"}],"about":[{"href":"https:\/\/vod.healthyketodiet.com\/pl\/wp-json\/wp\/v2\/types\/product"}],"replies":[{"embeddable":true,"href":"https:\/\/vod.healthyketodiet.com\/pl\/wp-json\/wp\/v2\/comments?post=9270"}],"wp:featuredmedia":[{"embeddable":true,"href":"https:\/\/vod.healthyketodiet.com\/pl\/wp-json\/wp\/v2\/media\/5988"}],"wp:attachment":[{"href":"https:\/\/vod.healthyketodiet.com\/pl\/wp-json\/wp\/v2\/media?parent=9270"}],"wp:term":[{"taxonomy":"product_cat","embeddable":true,"href":"https:\/\/vod.healthyketodiet.com\/pl\/wp-json\/wp\/v2\/product_cat?post=9270"},{"taxonomy":"product_tag","embeddable":true,"href":"https:\/\/vod.healthyketodiet.com\/pl\/wp-json\/wp\/v2\/product_tag?post=9270"}],"curies":[{"name":"wp","href":"https:\/\/api.w.org\/{rel}","templated":true}]}}