
{"id":8915,"date":"2023-12-24T14:50:55","date_gmt":"2023-12-24T13:50:55","guid":{"rendered":"https:\/\/vod.healthyketodiet.com\/?post_type=product&#038;p=8915"},"modified":"2024-06-13T17:03:32","modified_gmt":"2024-06-13T15:03:32","slug":"program-blyskawicznego-odchudzania-specjalna-promocja-1","status":"publish","type":"product","link":"https:\/\/vod.healthyketodiet.com\/pl\/product\/program-blyskawicznego-odchudzania-specjalna-promocja-1\/","title":{"rendered":"Program B\u0142yskawicznego Odchudzania &#8211; Specjalna Promocja"},"content":{"rendered":"<p><b>Z programu nauczysz si\u0119:<\/b><\/p>\n<ul>\n<li style=\"font-weight: 400;\" aria-level=\"1\"><span style=\"font-weight: 400;\">Jak schudn\u0105\u0107 minimum 4 kg w ci\u0105gu 14 dni bez \u0107wiczenia i efektu Jojo.<\/span><\/li>\n<li style=\"font-weight: 400;\" aria-level=\"1\"><span style=\"font-weight: 400;\">Jak bez liczenia kalorii, g\u0142odowania i spo\u017cywania 5 posi\u0142k\u00f3w dziennie schudn\u0105\u0107 szybko i \u0142atwo<\/span><\/li>\n<li style=\"font-weight: 400;\" aria-level=\"1\"><span style=\"font-weight: 400;\">Jak raz na zawsze wyeliminowa\u0107 zm\u0119czenie, senno\u015b\u0107 i tryska\u0107 energi\u0105 w ci\u0105gu dnia<\/span><\/li>\n<li style=\"font-weight: 400;\" aria-level=\"1\"><span style=\"font-weight: 400;\">Jak prosto i szybko przygotowywa\u0107 smaczne, zdrowe i odchudzaj\u0105ce posi\u0142ki<\/span><\/li>\n<li style=\"font-weight: 400;\" aria-level=\"1\"><span style=\"font-weight: 400;\">Jak je\u015b\u0107 tylko 1-2 posi\u0142ki dziennie, bez uczucia g\u0142odu i b\u0119d\u0105c pe\u0142nym energii<\/span><\/li>\n<li style=\"font-weight: 400;\" aria-level=\"1\"><span style=\"font-weight: 400;\">Jak osi\u0105gn\u0105\u0107 trwa\u0142e rezultaty bez wymy\u015blnych diet i drogich, skomplikowanych posi\u0142k\u00f3w<\/span><\/li>\n<li style=\"font-weight: 400;\" aria-level=\"1\"><span style=\"font-weight: 400;\">Jak pokona\u0107 apetyt na s\u0142odkie, wytrwa\u0107 w diecie i nie by\u0107 znudzonym<\/span><\/li>\n<\/ul>\n<p><b>Co dok\u0142adnie otrzymasz do\u0142\u0105czaj\u0105c do Programu B\u0142yskawicznego Odchudzania?\u00a0<\/b><\/p>\n<ul>\n<li style=\"font-weight: 400;\" aria-level=\"1\"><span style=\"font-weight: 400;\">Konkretny program Wideo z prezentacj\u0105, kt\u00f3ry poka\u017ce Ci krok po kroku co robi\u0107 aby szybko, zdrowo i \u0142atwo schudn\u0105\u0107 bez g\u0142odowania, \u0107wiczenia, efektu jojo czy liczenia kalorii<\/span><\/li>\n<li style=\"font-weight: 400;\" aria-level=\"1\"><span style=\"font-weight: 400;\">Gotowy do wdro\u017cenia system, kt\u00f3ry mo\u017cesz zastosowa\u0107 od razu \u201cDzi\u015b ogl\u0105dasz jutro chudniesz\u201d<\/span><\/li>\n<li style=\"font-weight: 400;\" aria-level=\"1\"><span style=\"font-weight: 400;\">System, kt\u00f3rego poznanie zajmuje mniej ni\u017c godzin\u0119 a stosowanie 10-15 minut dziennie<\/span><\/li>\n<li style=\"font-weight: 400;\" aria-level=\"1\"><span style=\"font-weight: 400;\">Nagranie dostarczy Ci wszystkich niezb\u0119dnych informacji w uproszczonej formie, bez lania wody<\/span><\/li>\n<li style=\"font-weight: 400;\" aria-level=\"1\"><span style=\"font-weight: 400;\">Poznasz ca\u0142y system, zrozumiesz dlaczego nie chudniesz i co zrobi\u0107 aby to szybko zmieni\u0107<\/span><\/li>\n<li style=\"font-weight: 400;\" aria-level=\"1\"><span style=\"font-weight: 400;\">To jedyna dieta i system odchudzania jaki potrzebujesz, po tym nie musisz szuka\u0107 dalej<\/span><\/li>\n<li style=\"font-weight: 400;\" aria-level=\"1\"><span style=\"font-weight: 400;\">To jedyna dieta, kt\u00f3ra wykorzystuje naturalne mechanizmy organizmu, i na kt\u00f3rej schudniesz bez ogromnego deficytu, g\u0142odowania oraz zm\u0119czenia\u00a0<\/span><\/li>\n<\/ul>\n<p><span style=\"font-weight: 400;\">Dodatkowo otrzymasz bardzo warto\u015bciowe bonusy:\u00a0<\/span><\/p>\n<p><b>Bonus 1 &#8211; \u015aci\u0105gawka PDF do Programu B\u0142yskawicznego Odchudzania\u00a0<\/b><\/p>\n<ul>\n<li style=\"font-weight: 400;\" aria-level=\"1\"><span style=\"font-weight: 400;\">Pomo\u017ce Ci od jutra wdro\u017cy\u0107 program w \u017cycie<\/span><\/li>\n<li style=\"font-weight: 400;\" aria-level=\"1\"><span style=\"font-weight: 400;\">Zawiera Checklist\u0119 co robi\u0107 krok po kroku<\/span><\/li>\n<li style=\"font-weight: 400;\" aria-level=\"1\"><span style=\"font-weight: 400;\">Powie Ci jak skomponowa\u0107 i przygotowa\u0107 diet\u0119<\/span><\/li>\n<li style=\"font-weight: 400;\" aria-level=\"1\"><span style=\"font-weight: 400;\">Pomo\u017ce Ci trzyma\u0107 si\u0119 diety i w niej wytrwa\u0107<\/span><\/li>\n<\/ul>\n<p><b>Bonus 2 &#8211; Prezentacja z materia\u0142ami PDF\u00a0<\/b><\/p>\n<ul>\n<li style=\"font-weight: 400;\" aria-level=\"1\"><span style=\"font-weight: 400;\">Pomo\u017ce Ci utrwali\u0107 wiedz\u0119 z nagrania<\/span><\/li>\n<li style=\"font-weight: 400;\" aria-level=\"1\"><span style=\"font-weight: 400;\">Da Ci szybki dost\u0119p do informacji, bez konieczno\u015bci ponownego ogl\u0105dania<\/span><\/li>\n<\/ul>\n<p><b>Bonus 3 &#8211; Lista dozwolonych sk\u0142adnik\u00f3w i produkt\u00f3w<\/b><\/p>\n<ul>\n<li style=\"font-weight: 400;\" aria-level=\"1\"><span style=\"font-weight: 400;\">Poka\u017ce Ci konkretnie co je\u015b\u0107 a czego nie\u00a0<\/span><\/li>\n<li style=\"font-weight: 400;\" aria-level=\"1\"><span style=\"font-weight: 400;\">Pomo\u017ce Ci zaplanowa\u0107 zakupy przed wyj\u015bciem z domu<\/span><\/li>\n<li style=\"font-weight: 400;\" aria-level=\"1\"><span style=\"font-weight: 400;\">Poka\u017ce Ci jak zaoszcz\u0119dzi\u0107 mas\u0119 czasu na zakupach<\/span><\/li>\n<\/ul>\n<p><b>Bonus 4 &#8211; Profesjonalny Jad\u0142ospis na 10 dni\u00a0<\/b><\/p>\n<ul>\n<li style=\"font-weight: 400;\" aria-level=\"1\"><span style=\"font-weight: 400;\">Poka\u017ce Ci jakie posi\u0142ki przyrz\u0105dza\u0107, nie musisz wymy\u015bla\u0107 samemu<\/span><\/li>\n<li style=\"font-weight: 400;\" aria-level=\"1\"><span style=\"font-weight: 400;\">Pomo\u017ce Ci zaplanowa\u0107 posi\u0142ki dla Ciebie i dla rodziny<\/span><\/li>\n<li style=\"font-weight: 400;\" aria-level=\"1\"><span style=\"font-weight: 400;\">Oszcz\u0119dzi Ci czas na gotowanie, s\u0105 tam szybkie i \u0142atwe posi\u0142ki\u00a0<\/span><\/li>\n<li style=\"font-weight: 400;\" aria-level=\"1\"><span style=\"font-weight: 400;\">Nic si\u0119 nie powtarza, posi\u0142ki s\u0105 zr\u00f3\u017cnicowane nie ma nudy!<\/span><\/li>\n<\/ul>\n","protected":false},"excerpt":{"rendered":"<p>Z programu nauczysz si\u0119: Jak schudn\u0105\u0107 minimum 4 kg w ci\u0105gu 14 dni bez \u0107wiczenia i efektu Jojo. Jak bez liczenia kalorii, g\u0142odowania i spo\u017cywania 5 posi\u0142k\u00f3w dziennie schudn\u0105\u0107 szybko i \u0142atwo Jak raz na zawsze wyeliminowa\u0107 zm\u0119czenie, senno\u015b\u0107 i tryska\u0107 energi\u0105 w ci\u0105gu dnia Jak prosto i szybko przygotowywa\u0107 smaczne, zdrowe i odchudzaj\u0105ce posi\u0142ki [&hellip;]<\/p>\n","protected":false},"featured_media":7204,"comment_status":"closed","ping_status":"closed","template":"","meta":{"site-sidebar-layout":"default","site-content-layout":"default","ast-site-content-layout":"","site-content-style":"default","site-sidebar-style":"default","ast-global-header-display":"","ast-banner-title-visibility":"","ast-main-header-display":"","ast-hfb-above-header-display":"","ast-hfb-below-header-display":"","ast-hfb-mobile-header-display":"","site-post-title":"","ast-breadcrumbs-content":"","ast-featured-img":"","footer-sml-layout":"","theme-transparent-header-meta":"default","adv-header-id-meta":"","stick-header-meta":"","header-above-stick-meta":"","header-main-stick-meta":"","header-below-stick-meta":"","astra-migrate-meta-layouts":"default","ast-page-background-enabled":"default","ast-page-background-meta":{"desktop":{"background-color":"","background-image":"","background-repeat":"repeat","background-position":"center center","background-size":"auto","background-attachment":"scroll","background-type":"","background-media":"","overlay-type":"","overlay-color":"","overlay-gradient":""},"tablet":{"background-color":"","background-image":"","background-repeat":"repeat","background-position":"center center","background-size":"auto","background-attachment":"scroll","background-type":"","background-media":"","overlay-type":"","overlay-color":"","overlay-gradient":""},"mobile":{"background-color":"","background-image":"","background-repeat":"repeat","background-position":"center center","background-size":"auto","background-attachment":"scroll","background-type":"","background-media":"","overlay-type":"","overlay-color":"","overlay-gradient":""}},"ast-content-background-meta":{"desktop":{"background-color":"var(--ast-global-color-5)","background-image":"","background-repeat":"repeat","background-position":"center center","background-size":"auto","background-attachment":"scroll","background-type":"","background-media":"","overlay-type":"","overlay-color":"","overlay-gradient":""},"tablet":{"background-color":"var(--ast-global-color-5)","background-image":"","background-repeat":"repeat","background-position":"center center","background-size":"auto","background-attachment":"scroll","background-type":"","background-media":"","overlay-type":"","overlay-color":"","overlay-gradient":""},"mobile":{"background-color":"var(--ast-global-color-5)","background-image":"","background-repeat":"repeat","background-position":"center center","background-size":"auto","background-attachment":"scroll","background-type":"","background-media":"","overlay-type":"","overlay-color":"","overlay-gradient":""}}},"product_cat":[89],"product_tag":[94,99],"class_list":{"0":"post-8915","1":"product","2":"type-product","3":"status-publish","4":"has-post-thumbnail","6":"product_cat-paid-traffic","7":"product_tag-facebook","8":"product_tag-frontendoffer","9":"desktop-align-left","10":"tablet-align-left","11":"mobile-align-left","13":"first","14":"instock","15":"sale","16":"virtual","17":"purchasable","18":"product-type-simple"},"yoast_head":"<!-- This site is optimized with the Yoast SEO plugin v24.0 - https:\/\/yoast.com\/wordpress\/plugins\/seo\/ -->\n<title>Program B\u0142yskawicznego Odchudzania - Specjalna Promocja - Platforma VOD KetoDietetyk.pl - Grzegorz Klonek<\/title>\n<meta name=\"description\" content=\"Konkretny program Wideo z prezentacj\u0105, kt\u00f3ry poka\u017ce Ci krok po kroku co robi\u0107 aby szybko, zdrowo i \u0142atwo schudn\u0105\u0107 bez g\u0142odowania, \u0107wiczenia, efektu jojo czy liczenia kalorii\" \/>\n<meta name=\"robots\" content=\"noindex, follow, max-snippet:-1, max-image-preview:large, max-video-preview:-1\" \/>\n<meta property=\"og:locale\" content=\"pl_PL\" \/>\n<meta property=\"og:type\" content=\"article\" \/>\n<meta property=\"og:title\" content=\"Program B\u0142yskawicznego Odchudzania\" \/>\n<meta property=\"og:description\" content=\"Konkretny program Wideo z prezentacj\u0105, kt\u00f3ry poka\u017ce Ci krok po kroku co robi\u0107 aby szybko, zdrowo i \u0142atwo schudn\u0105\u0107 bez g\u0142odowania, \u0107wiczenia, efektu jojo czy liczenia kalorii. Gotowy do wdro\u017cenia system, kt\u00f3ry mo\u017cesz zastosowa\u0107 od razu \u201cDzi\u015b ogl\u0105dasz jutro chudniesz\u201d\" \/>\n<meta property=\"og:url\" content=\"https:\/\/vod.healthyketodiet.com\/pl\/product\/program-blyskawicznego-odchudzania-specjalna-promocja-1\/\" \/>\n<meta property=\"og:site_name\" content=\"Platforma VOD KetoDietetyk.pl - Grzegorz Klonek\" \/>\n<meta property=\"article:modified_time\" content=\"2024-06-13T15:03:32+00:00\" \/>\n<meta property=\"og:image\" content=\"https:\/\/vod.healthyketodiet.com\/wp-content\/uploads\/2023\/12\/Program-Blyskawicznego-Odchudzania.png\" \/>\n\t<meta property=\"og:image:width\" content=\"700\" \/>\n\t<meta property=\"og:image:height\" content=\"526\" \/>\n\t<meta property=\"og:image:type\" content=\"image\/png\" \/>\n<meta name=\"twitter:card\" content=\"summary_large_image\" \/>\n<meta name=\"twitter:label1\" content=\"Szacowany czas czytania\" \/>\n\t<meta name=\"twitter:data1\" content=\"3 minuty\" \/>\n<script type=\"application\/ld+json\" class=\"yoast-schema-graph\">{\"@context\":\"https:\/\/schema.org\",\"@graph\":[{\"@type\":\"WebPage\",\"@id\":\"https:\/\/vod.healthyketodiet.com\/pl\/product\/program-blyskawicznego-odchudzania-specjalna-promocja-1\/\",\"url\":\"https:\/\/vod.healthyketodiet.com\/pl\/product\/program-blyskawicznego-odchudzania-specjalna-promocja-1\/\",\"name\":\"Program B\u0142yskawicznego Odchudzania - Specjalna Promocja - Platforma VOD KetoDietetyk.pl - Grzegorz Klonek\",\"isPartOf\":{\"@id\":\"https:\/\/vod.healthyketodiet.com\/pl\/#website\"},\"primaryImageOfPage\":{\"@id\":\"https:\/\/vod.healthyketodiet.com\/pl\/product\/program-blyskawicznego-odchudzania-specjalna-promocja-1\/#primaryimage\"},\"image\":{\"@id\":\"https:\/\/vod.healthyketodiet.com\/pl\/product\/program-blyskawicznego-odchudzania-specjalna-promocja-1\/#primaryimage\"},\"thumbnailUrl\":\"https:\/\/vod.healthyketodiet.com\/wp-content\/uploads\/2023\/12\/Program-Blyskawicznego-Odchudzania.png\",\"datePublished\":\"2023-12-24T13:50:55+00:00\",\"dateModified\":\"2024-06-13T15:03:32+00:00\",\"description\":\"Konkretny program Wideo z prezentacj\u0105, kt\u00f3ry poka\u017ce Ci krok po kroku co robi\u0107 aby szybko, zdrowo i \u0142atwo schudn\u0105\u0107 bez g\u0142odowania, \u0107wiczenia, efektu jojo czy liczenia kalorii\",\"breadcrumb\":{\"@id\":\"https:\/\/vod.healthyketodiet.com\/pl\/product\/program-blyskawicznego-odchudzania-specjalna-promocja-1\/#breadcrumb\"},\"inLanguage\":\"pl-PL\",\"potentialAction\":[{\"@type\":\"ReadAction\",\"target\":[\"https:\/\/vod.healthyketodiet.com\/pl\/product\/program-blyskawicznego-odchudzania-specjalna-promocja-1\/\"]}]},{\"@type\":\"ImageObject\",\"inLanguage\":\"pl-PL\",\"@id\":\"https:\/\/vod.healthyketodiet.com\/pl\/product\/program-blyskawicznego-odchudzania-specjalna-promocja-1\/#primaryimage\",\"url\":\"https:\/\/vod.healthyketodiet.com\/wp-content\/uploads\/2023\/12\/Program-Blyskawicznego-Odchudzania.png\",\"contentUrl\":\"https:\/\/vod.healthyketodiet.com\/wp-content\/uploads\/2023\/12\/Program-Blyskawicznego-Odchudzania.png\",\"width\":700,\"height\":526},{\"@type\":\"BreadcrumbList\",\"@id\":\"https:\/\/vod.healthyketodiet.com\/pl\/product\/program-blyskawicznego-odchudzania-specjalna-promocja-1\/#breadcrumb\",\"itemListElement\":[{\"@type\":\"ListItem\",\"position\":1,\"name\":\"Produkty\",\"item\":\"https:\/\/vod.healthyketodiet.com\/pl\/shop\/\"},{\"@type\":\"ListItem\",\"position\":2,\"name\":\"Program B\u0142yskawicznego Odchudzania &#8211; Specjalna Promocja\"}]},{\"@type\":\"WebSite\",\"@id\":\"https:\/\/vod.healthyketodiet.com\/pl\/#website\",\"url\":\"https:\/\/vod.healthyketodiet.com\/pl\/\",\"name\":\"Platforma VOD KetoDietetyk.pl - Grzegorz Klonek\",\"description\":\"\",\"publisher\":{\"@id\":\"https:\/\/vod.healthyketodiet.com\/pl\/#organization\"},\"potentialAction\":[{\"@type\":\"SearchAction\",\"target\":{\"@type\":\"EntryPoint\",\"urlTemplate\":\"https:\/\/vod.healthyketodiet.com\/pl\/?s={search_term_string}\"},\"query-input\":{\"@type\":\"PropertyValueSpecification\",\"valueRequired\":true,\"valueName\":\"search_term_string\"}}],\"inLanguage\":\"pl-PL\"},{\"@type\":\"Organization\",\"@id\":\"https:\/\/vod.healthyketodiet.com\/pl\/#organization\",\"name\":\"Platforma VOD KetoDietetyk.pl - Grzegorz Klonek\",\"url\":\"https:\/\/vod.healthyketodiet.com\/pl\/\",\"logo\":{\"@type\":\"ImageObject\",\"inLanguage\":\"pl-PL\",\"@id\":\"https:\/\/vod.healthyketodiet.com\/pl\/#\/schema\/logo\/image\/\",\"url\":\"https:\/\/vod.healthyketodiet.com\/wp-content\/uploads\/2024\/05\/cropped-enlogo2.png\",\"contentUrl\":\"https:\/\/vod.healthyketodiet.com\/wp-content\/uploads\/2024\/05\/cropped-enlogo2.png\",\"width\":233,\"height\":75,\"caption\":\"Platforma VOD KetoDietetyk.pl - Grzegorz Klonek\"},\"image\":{\"@id\":\"https:\/\/vod.healthyketodiet.com\/pl\/#\/schema\/logo\/image\/\"}}]}<\/script>\n<!-- \/ Yoast SEO plugin. -->","yoast_head_json":{"title":"Program B\u0142yskawicznego Odchudzania - Specjalna Promocja - Platforma VOD KetoDietetyk.pl - Grzegorz Klonek","description":"Konkretny program Wideo z prezentacj\u0105, kt\u00f3ry poka\u017ce Ci krok po kroku co robi\u0107 aby szybko, zdrowo i \u0142atwo schudn\u0105\u0107 bez g\u0142odowania, \u0107wiczenia, efektu jojo czy liczenia kalorii","robots":{"index":"noindex","follow":"follow","max-snippet":"max-snippet:-1","max-image-preview":"max-image-preview:large","max-video-preview":"max-video-preview:-1"},"og_locale":"pl_PL","og_type":"article","og_title":"Program B\u0142yskawicznego Odchudzania","og_description":"Konkretny program Wideo z prezentacj\u0105, kt\u00f3ry poka\u017ce Ci krok po kroku co robi\u0107 aby szybko, zdrowo i \u0142atwo schudn\u0105\u0107 bez g\u0142odowania, \u0107wiczenia, efektu jojo czy liczenia kalorii. Gotowy do wdro\u017cenia system, kt\u00f3ry mo\u017cesz zastosowa\u0107 od razu \u201cDzi\u015b ogl\u0105dasz jutro chudniesz\u201d","og_url":"https:\/\/vod.healthyketodiet.com\/pl\/product\/program-blyskawicznego-odchudzania-specjalna-promocja-1\/","og_site_name":"Platforma VOD KetoDietetyk.pl - Grzegorz Klonek","article_modified_time":"2024-06-13T15:03:32+00:00","og_image":[{"width":700,"height":526,"url":"https:\/\/vod.healthyketodiet.com\/wp-content\/uploads\/2023\/12\/Program-Blyskawicznego-Odchudzania.png","type":"image\/png"}],"twitter_card":"summary_large_image","twitter_misc":{"Szacowany czas czytania":"3 minuty"},"schema":{"@context":"https:\/\/schema.org","@graph":[{"@type":"WebPage","@id":"https:\/\/vod.healthyketodiet.com\/pl\/product\/program-blyskawicznego-odchudzania-specjalna-promocja-1\/","url":"https:\/\/vod.healthyketodiet.com\/pl\/product\/program-blyskawicznego-odchudzania-specjalna-promocja-1\/","name":"Program B\u0142yskawicznego Odchudzania - Specjalna Promocja - Platforma VOD KetoDietetyk.pl - Grzegorz Klonek","isPartOf":{"@id":"https:\/\/vod.healthyketodiet.com\/pl\/#website"},"primaryImageOfPage":{"@id":"https:\/\/vod.healthyketodiet.com\/pl\/product\/program-blyskawicznego-odchudzania-specjalna-promocja-1\/#primaryimage"},"image":{"@id":"https:\/\/vod.healthyketodiet.com\/pl\/product\/program-blyskawicznego-odchudzania-specjalna-promocja-1\/#primaryimage"},"thumbnailUrl":"https:\/\/vod.healthyketodiet.com\/wp-content\/uploads\/2023\/12\/Program-Blyskawicznego-Odchudzania.png","datePublished":"2023-12-24T13:50:55+00:00","dateModified":"2024-06-13T15:03:32+00:00","description":"Konkretny program Wideo z prezentacj\u0105, kt\u00f3ry poka\u017ce Ci krok po kroku co robi\u0107 aby szybko, zdrowo i \u0142atwo schudn\u0105\u0107 bez g\u0142odowania, \u0107wiczenia, efektu jojo czy liczenia kalorii","breadcrumb":{"@id":"https:\/\/vod.healthyketodiet.com\/pl\/product\/program-blyskawicznego-odchudzania-specjalna-promocja-1\/#breadcrumb"},"inLanguage":"pl-PL","potentialAction":[{"@type":"ReadAction","target":["https:\/\/vod.healthyketodiet.com\/pl\/product\/program-blyskawicznego-odchudzania-specjalna-promocja-1\/"]}]},{"@type":"ImageObject","inLanguage":"pl-PL","@id":"https:\/\/vod.healthyketodiet.com\/pl\/product\/program-blyskawicznego-odchudzania-specjalna-promocja-1\/#primaryimage","url":"https:\/\/vod.healthyketodiet.com\/wp-content\/uploads\/2023\/12\/Program-Blyskawicznego-Odchudzania.png","contentUrl":"https:\/\/vod.healthyketodiet.com\/wp-content\/uploads\/2023\/12\/Program-Blyskawicznego-Odchudzania.png","width":700,"height":526},{"@type":"BreadcrumbList","@id":"https:\/\/vod.healthyketodiet.com\/pl\/product\/program-blyskawicznego-odchudzania-specjalna-promocja-1\/#breadcrumb","itemListElement":[{"@type":"ListItem","position":1,"name":"Produkty","item":"https:\/\/vod.healthyketodiet.com\/pl\/shop\/"},{"@type":"ListItem","position":2,"name":"Program B\u0142yskawicznego Odchudzania &#8211; Specjalna Promocja"}]},{"@type":"WebSite","@id":"https:\/\/vod.healthyketodiet.com\/pl\/#website","url":"https:\/\/vod.healthyketodiet.com\/pl\/","name":"Platforma VOD KetoDietetyk.pl - Grzegorz Klonek","description":"","publisher":{"@id":"https:\/\/vod.healthyketodiet.com\/pl\/#organization"},"potentialAction":[{"@type":"SearchAction","target":{"@type":"EntryPoint","urlTemplate":"https:\/\/vod.healthyketodiet.com\/pl\/?s={search_term_string}"},"query-input":{"@type":"PropertyValueSpecification","valueRequired":true,"valueName":"search_term_string"}}],"inLanguage":"pl-PL"},{"@type":"Organization","@id":"https:\/\/vod.healthyketodiet.com\/pl\/#organization","name":"Platforma VOD KetoDietetyk.pl - Grzegorz Klonek","url":"https:\/\/vod.healthyketodiet.com\/pl\/","logo":{"@type":"ImageObject","inLanguage":"pl-PL","@id":"https:\/\/vod.healthyketodiet.com\/pl\/#\/schema\/logo\/image\/","url":"https:\/\/vod.healthyketodiet.com\/wp-content\/uploads\/2024\/05\/cropped-enlogo2.png","contentUrl":"https:\/\/vod.healthyketodiet.com\/wp-content\/uploads\/2024\/05\/cropped-enlogo2.png","width":233,"height":75,"caption":"Platforma VOD KetoDietetyk.pl - Grzegorz Klonek"},"image":{"@id":"https:\/\/vod.healthyketodiet.com\/pl\/#\/schema\/logo\/image\/"}}]}},"_links":{"self":[{"href":"https:\/\/vod.healthyketodiet.com\/pl\/wp-json\/wp\/v2\/product\/8915","targetHints":{"allow":["GET"]}}],"collection":[{"href":"https:\/\/vod.healthyketodiet.com\/pl\/wp-json\/wp\/v2\/product"}],"about":[{"href":"https:\/\/vod.healthyketodiet.com\/pl\/wp-json\/wp\/v2\/types\/product"}],"replies":[{"embeddable":true,"href":"https:\/\/vod.healthyketodiet.com\/pl\/wp-json\/wp\/v2\/comments?post=8915"}],"wp:featuredmedia":[{"embeddable":true,"href":"https:\/\/vod.healthyketodiet.com\/pl\/wp-json\/wp\/v2\/media\/7204"}],"wp:attachment":[{"href":"https:\/\/vod.healthyketodiet.com\/pl\/wp-json\/wp\/v2\/media?parent=8915"}],"wp:term":[{"taxonomy":"product_cat","embeddable":true,"href":"https:\/\/vod.healthyketodiet.com\/pl\/wp-json\/wp\/v2\/product_cat?post=8915"},{"taxonomy":"product_tag","embeddable":true,"href":"https:\/\/vod.healthyketodiet.com\/pl\/wp-json\/wp\/v2\/product_tag?post=8915"}],"curies":[{"name":"wp","href":"https:\/\/api.w.org\/{rel}","templated":true}]}}