
{"id":5776,"date":"2023-10-11T15:43:10","date_gmt":"2023-10-11T13:43:10","guid":{"rendered":"https:\/\/vod.healthyketodiet.com\/?post_type=product&#038;p=5776"},"modified":"2023-11-09T14:35:49","modified_gmt":"2023-11-09T13:35:49","slug":"ebook-keto-jadlospis-przepisy-na-14-dni","status":"publish","type":"product","link":"https:\/\/vod.healthyketodiet.com\/pl\/product\/ebook-keto-jadlospis-przepisy-na-14-dni\/","title":{"rendered":"Ebook: Keto Jad\u0142ospis &#8211; Przepisy na 14 dni"},"content":{"rendered":"<p>Co robisz w kierunku osi\u0105gni\u0119cia najlepszej dla siebie wagi?<\/p>\n<p>Jakie s\u0105 Twoje pragnienia zwi\u0105zane z polepszeniem zdrowia i samopoczucia?<\/p>\n<p>Dieta ketogeniczna jest naukowo przebadan\u0105 metod\u0105 polepszenia zdrowia, redukcji stan\u00f3w zapalnych, poprawy r\u00f3wnowagi hormonalnej i pozbycia si\u0119 nadwagi.<\/p>\n<p>Oferujemy\u00a0<strong>14-dniowy<\/strong>\u00a0plan posi\u0142k\u00f3w z przepisami.\u00a0Zupe\u0142nie nowe przepisy w por\u00f3wnaniu do wersji na 7 i 10 dni!\u00a0<strong>Przepisy nie powtarzaj\u0105 si\u0119.<\/strong><\/p>\n<p>Jad\u0142ospis zosta\u0142 opracowany przez certyfikowanego dietetyka &#8211; Joann\u0119 \u0141ysak oraz zweryfikowany przez profesjonalnego kucharza, kt\u00f3ry zadba\u0142 o zr\u00f3\u017cnicowanie i bogactwo smaku, oraz kucharza-amatora, by potwierdzi\u0107 \u0142atwo\u015b\u0107 przygotowania proponowanych da\u0144.<\/p>\n<p>Osi\u0105gniesz zaplanowane cele bez g\u0142od\u00f3wki, liczenia kalorii czy ograniczania ilo\u015bci jedzenia. Keto to nie magia ani zwyk\u0142a dieta.<\/p>\n<p>Jest to styl \u017cycia, kt\u00f3ry uzdrawia i utrzymuje stan homeostazy w organizmie!<\/p>\n<p>Wystarcza 2-3 dni na wypr\u00f3bowanie skuteczno\u015bci:\u00a0<strong>Zawsze mo\u017cna zaniecha\u0107, warto jednak zacz\u0105\u0107.<\/strong><\/p>\n<p>&#8211; \u0141atwe do przygotowania i pyszne przepisy z przewodnikiem krok po kroku.<br \/>\n&#8211; Unikniesz pr\u00f3b i b\u0142\u0119d\u00f3w, kt\u00f3re zniech\u0119caj\u0105 wi\u0119kszo\u015b\u0107 os\u00f3b rozpoczynaj\u0105cych swoj\u0105 przygod\u0119 z keto.<br \/>\n&#8211; Plan sprawdzonych posi\u0142k\u00f3w ze zdj\u0119ciami, w tym takich, kt\u00f3rych przygotowywanie zajmuje 15 minut lub mniej.<br \/>\n&#8211; Mo\u017cliwo\u015b\u0107 spo\u017cywania keto przek\u0105sek, kt\u00f3re nie wyrzuc\u0105 Ci\u0119 ze stanu ketozy i nie zaburz\u0105 procesu redukcji.<br \/>\n&#8211; Wskaz\u00f3wki, kt\u00f3re pomog\u0105 utrzyma\u0107 motywacj\u0119 i powstrzyma\u0107 \u0142aknienie na s\u0142odkie oraz s\u0142owniczek poj\u0119\u0107.<br \/>\n&#8211; Zr\u00f3wnowa\u017con\u0105 utrat\u0119 tkanki t\u0142uszczowej z okolic trudnych (biodra, uda, pupa, brzuch).<br \/>\n&#8211; Zmniejszone ryzyko stan\u00f3w zapalnych w organizmie.<br \/>\n&#8211; Zmniejszenie ewentualnych problem\u00f3w z glikemi\u0105, w tym insulinooporno\u015bci, dzi\u0119ki obni\u017ceniu poziomu cukru we krwi i poziomu insuliny.<br \/>\n&#8211; Zmniejszenie ilo\u015b\u0107 \u201ez\u0142ego\u201d cholesterolu LDL, tr\u00f3jgliceryd\u00f3w, marker\u00f3w zapalnych i poziomu cukru we krwi.<br \/>\n&#8211; Lepsz\u0105 jako\u015b\u0107 snu i przyspieszenie metabolizmu.<br \/>\n&#8211; Poprawisz swoje zdrowie na sta\u0142e.<\/p>\n","protected":false},"excerpt":{"rendered":"<p>Co robisz w kierunku osi\u0105gni\u0119cia najlepszej dla siebie wagi? Jakie s\u0105 Twoje pragnienia zwi\u0105zane z polepszeniem zdrowia i samopoczucia? Dieta ketogeniczna jest naukowo przebadan\u0105 metod\u0105 polepszenia zdrowia, redukcji stan\u00f3w zapalnych, poprawy r\u00f3wnowagi hormonalnej i pozbycia si\u0119 nadwagi. Oferujemy\u00a014-dniowy\u00a0plan posi\u0142k\u00f3w z przepisami.\u00a0Zupe\u0142nie nowe przepisy w por\u00f3wnaniu do wersji na 7 i 10 dni!\u00a0Przepisy nie powtarzaj\u0105 si\u0119. [&hellip;]<\/p>\n","protected":false},"featured_media":5987,"comment_status":"closed","ping_status":"closed","template":"","meta":{"site-sidebar-layout":"default","site-content-layout":"default","ast-site-content-layout":"","site-content-style":"default","site-sidebar-style":"default","ast-global-header-display":"","ast-banner-title-visibility":"","ast-main-header-display":"","ast-hfb-above-header-display":"","ast-hfb-below-header-display":"","ast-hfb-mobile-header-display":"","site-post-title":"","ast-breadcrumbs-content":"","ast-featured-img":"","footer-sml-layout":"","theme-transparent-header-meta":"default","adv-header-id-meta":"","stick-header-meta":"","header-above-stick-meta":"","header-main-stick-meta":"","header-below-stick-meta":"","astra-migrate-meta-layouts":"default","ast-page-background-enabled":"default","ast-page-background-meta":{"desktop":{"background-color":"","background-image":"","background-repeat":"repeat","background-position":"center center","background-size":"auto","background-attachment":"scroll","background-type":"","background-media":"","overlay-type":"","overlay-color":"","overlay-gradient":""},"tablet":{"background-color":"","background-image":"","background-repeat":"repeat","background-position":"center center","background-size":"auto","background-attachment":"scroll","background-type":"","background-media":"","overlay-type":"","overlay-color":"","overlay-gradient":""},"mobile":{"background-color":"","background-image":"","background-repeat":"repeat","background-position":"center center","background-size":"auto","background-attachment":"scroll","background-type":"","background-media":"","overlay-type":"","overlay-color":"","overlay-gradient":""}},"ast-content-background-meta":{"desktop":{"background-color":"var(--ast-global-color-5)","background-image":"","background-repeat":"repeat","background-position":"center center","background-size":"auto","background-attachment":"scroll","background-type":"","background-media":"","overlay-type":"","overlay-color":"","overlay-gradient":""},"tablet":{"background-color":"var(--ast-global-color-5)","background-image":"","background-repeat":"repeat","background-position":"center center","background-size":"auto","background-attachment":"scroll","background-type":"","background-media":"","overlay-type":"","overlay-color":"","overlay-gradient":""},"mobile":{"background-color":"var(--ast-global-color-5)","background-image":"","background-repeat":"repeat","background-position":"center center","background-size":"auto","background-attachment":"scroll","background-type":"","background-media":"","overlay-type":"","overlay-color":"","overlay-gradient":""}}},"product_cat":[65],"product_tag":[],"class_list":{"0":"post-5776","1":"product","2":"type-product","3":"status-publish","4":"has-post-thumbnail","6":"product_cat-ebook","7":"desktop-align-left","8":"tablet-align-left","9":"mobile-align-left","11":"first","12":"instock","13":"downloadable","14":"virtual","15":"sold-individually","16":"purchasable","17":"product-type-simple"},"yoast_head":"<!-- This site is optimized with the Yoast SEO plugin v24.0 - https:\/\/yoast.com\/wordpress\/plugins\/seo\/ -->\n<title>Ebook: Keto Jad\u0142ospis - Przepisy na 14 dni - Platforma VOD KetoDietetyk.pl - Grzegorz Klonek<\/title>\n<meta name=\"robots\" content=\"noindex, follow, max-snippet:-1, max-image-preview:large, max-video-preview:-1\" \/>\n<meta property=\"og:locale\" content=\"pl_PL\" \/>\n<meta property=\"og:type\" content=\"article\" \/>\n<meta property=\"og:title\" content=\"Ebook: Keto Jad\u0142ospis - Przepisy na 14 dni - Platforma VOD KetoDietetyk.pl - Grzegorz Klonek\" \/>\n<meta property=\"og:description\" content=\"Co robisz w kierunku osi\u0105gni\u0119cia najlepszej dla siebie wagi? Jakie s\u0105 Twoje pragnienia zwi\u0105zane z polepszeniem zdrowia i samopoczucia? Dieta ketogeniczna jest naukowo przebadan\u0105 metod\u0105 polepszenia zdrowia, redukcji stan\u00f3w zapalnych, poprawy r\u00f3wnowagi hormonalnej i pozbycia si\u0119 nadwagi. Oferujemy\u00a014-dniowy\u00a0plan posi\u0142k\u00f3w z przepisami.\u00a0Zupe\u0142nie nowe przepisy w por\u00f3wnaniu do wersji na 7 i 10 dni!\u00a0Przepisy nie powtarzaj\u0105 si\u0119. [&hellip;]\" \/>\n<meta property=\"og:url\" content=\"https:\/\/vod.healthyketodiet.com\/pl\/product\/ebook-keto-jadlospis-przepisy-na-14-dni\/\" \/>\n<meta property=\"og:site_name\" content=\"Platforma VOD KetoDietetyk.pl - Grzegorz Klonek\" \/>\n<meta property=\"article:modified_time\" content=\"2023-11-09T13:35:49+00:00\" \/>\n<meta property=\"og:image\" content=\"https:\/\/vod.healthyketodiet.com\/wp-content\/uploads\/2023\/11\/ebook.png\" \/>\n\t<meta property=\"og:image:width\" content=\"700\" \/>\n\t<meta property=\"og:image:height\" content=\"526\" \/>\n\t<meta property=\"og:image:type\" content=\"image\/png\" \/>\n<meta name=\"twitter:card\" content=\"summary_large_image\" \/>\n<meta name=\"twitter:label1\" content=\"Szacowany czas czytania\" \/>\n\t<meta name=\"twitter:data1\" content=\"2 minuty\" \/>\n<script type=\"application\/ld+json\" class=\"yoast-schema-graph\">{\"@context\":\"https:\/\/schema.org\",\"@graph\":[{\"@type\":\"WebPage\",\"@id\":\"https:\/\/vod.healthyketodiet.com\/pl\/product\/ebook-keto-jadlospis-przepisy-na-14-dni\/\",\"url\":\"https:\/\/vod.healthyketodiet.com\/pl\/product\/ebook-keto-jadlospis-przepisy-na-14-dni\/\",\"name\":\"Ebook: Keto Jad\u0142ospis - Przepisy na 14 dni - Platforma VOD KetoDietetyk.pl - Grzegorz Klonek\",\"isPartOf\":{\"@id\":\"https:\/\/vod.healthyketodiet.com\/pl\/#website\"},\"primaryImageOfPage\":{\"@id\":\"https:\/\/vod.healthyketodiet.com\/pl\/product\/ebook-keto-jadlospis-przepisy-na-14-dni\/#primaryimage\"},\"image\":{\"@id\":\"https:\/\/vod.healthyketodiet.com\/pl\/product\/ebook-keto-jadlospis-przepisy-na-14-dni\/#primaryimage\"},\"thumbnailUrl\":\"https:\/\/vod.healthyketodiet.com\/wp-content\/uploads\/2023\/11\/ebook.png\",\"datePublished\":\"2023-10-11T13:43:10+00:00\",\"dateModified\":\"2023-11-09T13:35:49+00:00\",\"breadcrumb\":{\"@id\":\"https:\/\/vod.healthyketodiet.com\/pl\/product\/ebook-keto-jadlospis-przepisy-na-14-dni\/#breadcrumb\"},\"inLanguage\":\"pl-PL\",\"potentialAction\":[{\"@type\":\"ReadAction\",\"target\":[\"https:\/\/vod.healthyketodiet.com\/pl\/product\/ebook-keto-jadlospis-przepisy-na-14-dni\/\"]}]},{\"@type\":\"ImageObject\",\"inLanguage\":\"pl-PL\",\"@id\":\"https:\/\/vod.healthyketodiet.com\/pl\/product\/ebook-keto-jadlospis-przepisy-na-14-dni\/#primaryimage\",\"url\":\"https:\/\/vod.healthyketodiet.com\/wp-content\/uploads\/2023\/11\/ebook.png\",\"contentUrl\":\"https:\/\/vod.healthyketodiet.com\/wp-content\/uploads\/2023\/11\/ebook.png\",\"width\":700,\"height\":526},{\"@type\":\"BreadcrumbList\",\"@id\":\"https:\/\/vod.healthyketodiet.com\/pl\/product\/ebook-keto-jadlospis-przepisy-na-14-dni\/#breadcrumb\",\"itemListElement\":[{\"@type\":\"ListItem\",\"position\":1,\"name\":\"Produkty\",\"item\":\"https:\/\/vod.healthyketodiet.com\/pl\/shop\/\"},{\"@type\":\"ListItem\",\"position\":2,\"name\":\"Ebook: Keto Jad\u0142ospis &#8211; Przepisy na 14 dni\"}]},{\"@type\":\"WebSite\",\"@id\":\"https:\/\/vod.healthyketodiet.com\/pl\/#website\",\"url\":\"https:\/\/vod.healthyketodiet.com\/pl\/\",\"name\":\"Platforma VOD KetoDietetyk.pl - Grzegorz Klonek\",\"description\":\"\",\"publisher\":{\"@id\":\"https:\/\/vod.healthyketodiet.com\/pl\/#organization\"},\"potentialAction\":[{\"@type\":\"SearchAction\",\"target\":{\"@type\":\"EntryPoint\",\"urlTemplate\":\"https:\/\/vod.healthyketodiet.com\/pl\/?s={search_term_string}\"},\"query-input\":{\"@type\":\"PropertyValueSpecification\",\"valueRequired\":true,\"valueName\":\"search_term_string\"}}],\"inLanguage\":\"pl-PL\"},{\"@type\":\"Organization\",\"@id\":\"https:\/\/vod.healthyketodiet.com\/pl\/#organization\",\"name\":\"Platforma VOD KetoDietetyk.pl - Grzegorz Klonek\",\"url\":\"https:\/\/vod.healthyketodiet.com\/pl\/\",\"logo\":{\"@type\":\"ImageObject\",\"inLanguage\":\"pl-PL\",\"@id\":\"https:\/\/vod.healthyketodiet.com\/pl\/#\/schema\/logo\/image\/\",\"url\":\"https:\/\/vod.healthyketodiet.com\/wp-content\/uploads\/2024\/05\/cropped-enlogo2.png\",\"contentUrl\":\"https:\/\/vod.healthyketodiet.com\/wp-content\/uploads\/2024\/05\/cropped-enlogo2.png\",\"width\":233,\"height\":75,\"caption\":\"Platforma VOD KetoDietetyk.pl - Grzegorz Klonek\"},\"image\":{\"@id\":\"https:\/\/vod.healthyketodiet.com\/pl\/#\/schema\/logo\/image\/\"}}]}<\/script>\n<!-- \/ Yoast SEO plugin. -->","yoast_head_json":{"title":"Ebook: Keto Jad\u0142ospis - Przepisy na 14 dni - Platforma VOD KetoDietetyk.pl - Grzegorz Klonek","robots":{"index":"noindex","follow":"follow","max-snippet":"max-snippet:-1","max-image-preview":"max-image-preview:large","max-video-preview":"max-video-preview:-1"},"og_locale":"pl_PL","og_type":"article","og_title":"Ebook: Keto Jad\u0142ospis - Przepisy na 14 dni - Platforma VOD KetoDietetyk.pl - Grzegorz Klonek","og_description":"Co robisz w kierunku osi\u0105gni\u0119cia najlepszej dla siebie wagi? Jakie s\u0105 Twoje pragnienia zwi\u0105zane z polepszeniem zdrowia i samopoczucia? Dieta ketogeniczna jest naukowo przebadan\u0105 metod\u0105 polepszenia zdrowia, redukcji stan\u00f3w zapalnych, poprawy r\u00f3wnowagi hormonalnej i pozbycia si\u0119 nadwagi. Oferujemy\u00a014-dniowy\u00a0plan posi\u0142k\u00f3w z przepisami.\u00a0Zupe\u0142nie nowe przepisy w por\u00f3wnaniu do wersji na 7 i 10 dni!\u00a0Przepisy nie powtarzaj\u0105 si\u0119. [&hellip;]","og_url":"https:\/\/vod.healthyketodiet.com\/pl\/product\/ebook-keto-jadlospis-przepisy-na-14-dni\/","og_site_name":"Platforma VOD KetoDietetyk.pl - Grzegorz Klonek","article_modified_time":"2023-11-09T13:35:49+00:00","og_image":[{"width":700,"height":526,"url":"https:\/\/vod.healthyketodiet.com\/wp-content\/uploads\/2023\/11\/ebook.png","type":"image\/png"}],"twitter_card":"summary_large_image","twitter_misc":{"Szacowany czas czytania":"2 minuty"},"schema":{"@context":"https:\/\/schema.org","@graph":[{"@type":"WebPage","@id":"https:\/\/vod.healthyketodiet.com\/pl\/product\/ebook-keto-jadlospis-przepisy-na-14-dni\/","url":"https:\/\/vod.healthyketodiet.com\/pl\/product\/ebook-keto-jadlospis-przepisy-na-14-dni\/","name":"Ebook: Keto Jad\u0142ospis - Przepisy na 14 dni - Platforma VOD KetoDietetyk.pl - Grzegorz Klonek","isPartOf":{"@id":"https:\/\/vod.healthyketodiet.com\/pl\/#website"},"primaryImageOfPage":{"@id":"https:\/\/vod.healthyketodiet.com\/pl\/product\/ebook-keto-jadlospis-przepisy-na-14-dni\/#primaryimage"},"image":{"@id":"https:\/\/vod.healthyketodiet.com\/pl\/product\/ebook-keto-jadlospis-przepisy-na-14-dni\/#primaryimage"},"thumbnailUrl":"https:\/\/vod.healthyketodiet.com\/wp-content\/uploads\/2023\/11\/ebook.png","datePublished":"2023-10-11T13:43:10+00:00","dateModified":"2023-11-09T13:35:49+00:00","breadcrumb":{"@id":"https:\/\/vod.healthyketodiet.com\/pl\/product\/ebook-keto-jadlospis-przepisy-na-14-dni\/#breadcrumb"},"inLanguage":"pl-PL","potentialAction":[{"@type":"ReadAction","target":["https:\/\/vod.healthyketodiet.com\/pl\/product\/ebook-keto-jadlospis-przepisy-na-14-dni\/"]}]},{"@type":"ImageObject","inLanguage":"pl-PL","@id":"https:\/\/vod.healthyketodiet.com\/pl\/product\/ebook-keto-jadlospis-przepisy-na-14-dni\/#primaryimage","url":"https:\/\/vod.healthyketodiet.com\/wp-content\/uploads\/2023\/11\/ebook.png","contentUrl":"https:\/\/vod.healthyketodiet.com\/wp-content\/uploads\/2023\/11\/ebook.png","width":700,"height":526},{"@type":"BreadcrumbList","@id":"https:\/\/vod.healthyketodiet.com\/pl\/product\/ebook-keto-jadlospis-przepisy-na-14-dni\/#breadcrumb","itemListElement":[{"@type":"ListItem","position":1,"name":"Produkty","item":"https:\/\/vod.healthyketodiet.com\/pl\/shop\/"},{"@type":"ListItem","position":2,"name":"Ebook: Keto Jad\u0142ospis &#8211; Przepisy na 14 dni"}]},{"@type":"WebSite","@id":"https:\/\/vod.healthyketodiet.com\/pl\/#website","url":"https:\/\/vod.healthyketodiet.com\/pl\/","name":"Platforma VOD KetoDietetyk.pl - Grzegorz Klonek","description":"","publisher":{"@id":"https:\/\/vod.healthyketodiet.com\/pl\/#organization"},"potentialAction":[{"@type":"SearchAction","target":{"@type":"EntryPoint","urlTemplate":"https:\/\/vod.healthyketodiet.com\/pl\/?s={search_term_string}"},"query-input":{"@type":"PropertyValueSpecification","valueRequired":true,"valueName":"search_term_string"}}],"inLanguage":"pl-PL"},{"@type":"Organization","@id":"https:\/\/vod.healthyketodiet.com\/pl\/#organization","name":"Platforma VOD KetoDietetyk.pl - Grzegorz Klonek","url":"https:\/\/vod.healthyketodiet.com\/pl\/","logo":{"@type":"ImageObject","inLanguage":"pl-PL","@id":"https:\/\/vod.healthyketodiet.com\/pl\/#\/schema\/logo\/image\/","url":"https:\/\/vod.healthyketodiet.com\/wp-content\/uploads\/2024\/05\/cropped-enlogo2.png","contentUrl":"https:\/\/vod.healthyketodiet.com\/wp-content\/uploads\/2024\/05\/cropped-enlogo2.png","width":233,"height":75,"caption":"Platforma VOD KetoDietetyk.pl - Grzegorz Klonek"},"image":{"@id":"https:\/\/vod.healthyketodiet.com\/pl\/#\/schema\/logo\/image\/"}}]}},"_links":{"self":[{"href":"https:\/\/vod.healthyketodiet.com\/pl\/wp-json\/wp\/v2\/product\/5776","targetHints":{"allow":["GET"]}}],"collection":[{"href":"https:\/\/vod.healthyketodiet.com\/pl\/wp-json\/wp\/v2\/product"}],"about":[{"href":"https:\/\/vod.healthyketodiet.com\/pl\/wp-json\/wp\/v2\/types\/product"}],"replies":[{"embeddable":true,"href":"https:\/\/vod.healthyketodiet.com\/pl\/wp-json\/wp\/v2\/comments?post=5776"}],"wp:featuredmedia":[{"embeddable":true,"href":"https:\/\/vod.healthyketodiet.com\/pl\/wp-json\/wp\/v2\/media\/5987"}],"wp:attachment":[{"href":"https:\/\/vod.healthyketodiet.com\/pl\/wp-json\/wp\/v2\/media?parent=5776"}],"wp:term":[{"taxonomy":"product_cat","embeddable":true,"href":"https:\/\/vod.healthyketodiet.com\/pl\/wp-json\/wp\/v2\/product_cat?post=5776"},{"taxonomy":"product_tag","embeddable":true,"href":"https:\/\/vod.healthyketodiet.com\/pl\/wp-json\/wp\/v2\/product_tag?post=5776"}],"curies":[{"name":"wp","href":"https:\/\/api.w.org\/{rel}","templated":true}]}}