
{"id":8826,"date":"2023-12-19T15:17:52","date_gmt":"2023-12-19T14:17:52","guid":{"rendered":"https:\/\/vod.healthyketodiet.com\/?page_id=8826"},"modified":"2023-12-21T15:26:41","modified_gmt":"2023-12-21T14:26:41","slug":"przemiany-gk","status":"publish","type":"page","link":"https:\/\/vod.healthyketodiet.com\/pl\/przemiany-gk\/","title":{"rendered":"Przemiany"},"content":{"rendered":"\t\t<div data-elementor-type=\"wp-page\" data-elementor-id=\"8826\" class=\"elementor elementor-8826\" data-elementor-settings=\"{&quot;ha_cmc_init_switcher&quot;:&quot;no&quot;}\" data-elementor-post-type=\"page\">\n\t\t\t\t\t\t<section class=\"elementor-section elementor-top-section elementor-element elementor-element-bad66ef elementor-section-boxed elementor-section-height-default elementor-section-height-default\" data-id=\"bad66ef\" data-element_type=\"section\" data-settings=\"{&quot;_ha_eqh_enable&quot;:false}\">\n\t\t\t\t\t\t<div class=\"elementor-container elementor-column-gap-default\">\n\t\t\t\t\t<div class=\"elementor-column elementor-col-100 elementor-top-column elementor-element elementor-element-2a3bc54\" data-id=\"2a3bc54\" data-element_type=\"column\">\n\t\t\t<div class=\"elementor-widget-wrap elementor-element-populated\">\n\t\t\t\t\t\t<div class=\"elementor-element elementor-element-7997d5a elementor-widget elementor-widget-heading\" data-id=\"7997d5a\" data-element_type=\"widget\" data-widget_type=\"heading.default\">\n\t\t\t\t<div class=\"elementor-widget-container\">\n\t\t\t<h2 class=\"elementor-heading-title elementor-size-default\">Zobacz przemiany moich pacjent\u00f3w<\/h2>\t\t<\/div>\n\t\t\t\t<\/div>\n\t\t\t\t\t<\/div>\n\t\t<\/div>\n\t\t\t\t\t<\/div>\n\t\t<\/section>\n\t\t\t\t<section class=\"elementor-section elementor-top-section elementor-element elementor-element-568485f4 elementor-section-boxed elementor-section-height-default elementor-section-height-default\" data-id=\"568485f4\" data-element_type=\"section\" data-settings=\"{&quot;_ha_eqh_enable&quot;:false}\">\n\t\t\t\t\t\t<div class=\"elementor-container elementor-column-gap-wider\">\n\t\t\t\t\t<div class=\"elementor-column elementor-col-33 elementor-top-column elementor-element elementor-element-703704bb\" data-id=\"703704bb\" data-element_type=\"column\">\n\t\t\t<div class=\"elementor-widget-wrap elementor-element-populated\">\n\t\t\t\t\t\t<div class=\"elementor-element elementor-element-7bdc8c53 elementor-widget elementor-widget-image\" data-id=\"7bdc8c53\" data-element_type=\"widget\" data-widget_type=\"image.default\">\n\t\t\t\t<div class=\"elementor-widget-container\">\n\t\t\t\t\t\t\t\t\t\t\t\t\t<img fetchpriority=\"high\" decoding=\"async\" width=\"414\" height=\"414\" src=\"https:\/\/vod.healthyketodiet.com\/wp-content\/uploads\/2023\/11\/245913054_2788355298128842_1812486992357268721_n.jpg\" class=\"attachment-large size-large wp-image-6045\" alt=\"\" srcset=\"https:\/\/vod.healthyketodiet.com\/wp-content\/uploads\/2023\/11\/245913054_2788355298128842_1812486992357268721_n.jpg 414w, https:\/\/vod.healthyketodiet.com\/wp-content\/uploads\/2023\/11\/245913054_2788355298128842_1812486992357268721_n-300x300.jpg 300w, https:\/\/vod.healthyketodiet.com\/wp-content\/uploads\/2023\/11\/245913054_2788355298128842_1812486992357268721_n-150x150.jpg 150w, https:\/\/vod.healthyketodiet.com\/wp-content\/uploads\/2023\/11\/245913054_2788355298128842_1812486992357268721_n-100x100.jpg 100w\" sizes=\"(max-width: 414px) 100vw, 414px\" \/>\t\t\t\t\t\t\t\t\t\t\t\t\t<\/div>\n\t\t\t\t<\/div>\n\t\t\t\t<div class=\"elementor-element elementor-element-3670052b elementor-widget elementor-widget-heading\" data-id=\"3670052b\" data-element_type=\"widget\" data-widget_type=\"heading.default\">\n\t\t\t\t<div class=\"elementor-widget-container\">\n\t\t\t<h3 class=\"elementor-heading-title elementor-size-default\"><b>Paulina<\/b><br><b>-14 kg w 2.5 miesi\u0105ca<\/b><\/h3>\t\t<\/div>\n\t\t\t\t<\/div>\n\t\t\t\t\t<\/div>\n\t\t<\/div>\n\t\t\t\t<div class=\"elementor-column elementor-col-33 elementor-top-column elementor-element elementor-element-48e9a5ab\" data-id=\"48e9a5ab\" data-element_type=\"column\">\n\t\t\t<div class=\"elementor-widget-wrap elementor-element-populated\">\n\t\t\t\t\t\t<div class=\"elementor-element elementor-element-c004556 elementor-widget elementor-widget-image\" data-id=\"c004556\" data-element_type=\"widget\" data-widget_type=\"image.default\">\n\t\t\t\t<div class=\"elementor-widget-container\">\n\t\t\t\t\t\t\t\t\t\t\t\t\t<img decoding=\"async\" width=\"1000\" height=\"1000\" src=\"https:\/\/vod.healthyketodiet.com\/wp-content\/uploads\/2023\/11\/Bez-nazwy.png\" class=\"attachment-large size-large wp-image-6046\" alt=\"\" srcset=\"https:\/\/vod.healthyketodiet.com\/wp-content\/uploads\/2023\/11\/Bez-nazwy.png 1000w, https:\/\/vod.healthyketodiet.com\/wp-content\/uploads\/2023\/11\/Bez-nazwy-300x300.png 300w, https:\/\/vod.healthyketodiet.com\/wp-content\/uploads\/2023\/11\/Bez-nazwy-150x150.png 150w, https:\/\/vod.healthyketodiet.com\/wp-content\/uploads\/2023\/11\/Bez-nazwy-768x768.png 768w, https:\/\/vod.healthyketodiet.com\/wp-content\/uploads\/2023\/11\/Bez-nazwy-600x600.png 600w, https:\/\/vod.healthyketodiet.com\/wp-content\/uploads\/2023\/11\/Bez-nazwy-100x100.png 100w\" sizes=\"(max-width: 1000px) 100vw, 1000px\" \/>\t\t\t\t\t\t\t\t\t\t\t\t\t<\/div>\n\t\t\t\t<\/div>\n\t\t\t\t<div class=\"elementor-element elementor-element-382632d8 elementor-widget elementor-widget-heading\" data-id=\"382632d8\" data-element_type=\"widget\" data-widget_type=\"heading.default\">\n\t\t\t\t<div class=\"elementor-widget-container\">\n\t\t\t<h3 class=\"elementor-heading-title elementor-size-default\"><b>Micha\u0142<\/b><br><b>-60 kg w 10 miesi\u0119cy<\/b><\/h3>\t\t<\/div>\n\t\t\t\t<\/div>\n\t\t\t\t\t<\/div>\n\t\t<\/div>\n\t\t\t\t<div class=\"elementor-column elementor-col-33 elementor-top-column elementor-element elementor-element-9f2647a\" data-id=\"9f2647a\" data-element_type=\"column\">\n\t\t\t<div class=\"elementor-widget-wrap elementor-element-populated\">\n\t\t\t\t\t\t<div class=\"elementor-element elementor-element-402a18cf elementor-widget elementor-widget-image\" data-id=\"402a18cf\" data-element_type=\"widget\" data-widget_type=\"image.default\">\n\t\t\t\t<div class=\"elementor-widget-container\">\n\t\t\t\t\t\t\t\t\t\t\t\t\t<img decoding=\"async\" width=\"1000\" height=\"1000\" src=\"https:\/\/vod.healthyketodiet.com\/wp-content\/uploads\/2023\/11\/dadadada.png\" class=\"attachment-large size-large wp-image-6047\" alt=\"\" srcset=\"https:\/\/vod.healthyketodiet.com\/wp-content\/uploads\/2023\/11\/dadadada.png 1000w, https:\/\/vod.healthyketodiet.com\/wp-content\/uploads\/2023\/11\/dadadada-300x300.png 300w, https:\/\/vod.healthyketodiet.com\/wp-content\/uploads\/2023\/11\/dadadada-150x150.png 150w, https:\/\/vod.healthyketodiet.com\/wp-content\/uploads\/2023\/11\/dadadada-768x768.png 768w, https:\/\/vod.healthyketodiet.com\/wp-content\/uploads\/2023\/11\/dadadada-600x600.png 600w, https:\/\/vod.healthyketodiet.com\/wp-content\/uploads\/2023\/11\/dadadada-100x100.png 100w\" sizes=\"(max-width: 1000px) 100vw, 1000px\" \/>\t\t\t\t\t\t\t\t\t\t\t\t\t<\/div>\n\t\t\t\t<\/div>\n\t\t\t\t<div class=\"elementor-element elementor-element-3ba9d6c6 elementor-widget elementor-widget-heading\" data-id=\"3ba9d6c6\" data-element_type=\"widget\" data-widget_type=\"heading.default\">\n\t\t\t\t<div class=\"elementor-widget-container\">\n\t\t\t<h3 class=\"elementor-heading-title elementor-size-default\"><b>Romek<\/b><br><b>-16 kg w 58 dni<\/b><\/h3>\t\t<\/div>\n\t\t\t\t<\/div>\n\t\t\t\t\t<\/div>\n\t\t<\/div>\n\t\t\t\t\t<\/div>\n\t\t<\/section>\n\t\t\t\t<section class=\"elementor-section elementor-top-section elementor-element elementor-element-72b35358 elementor-section-boxed elementor-section-height-default elementor-section-height-default\" data-id=\"72b35358\" data-element_type=\"section\" data-settings=\"{&quot;_ha_eqh_enable&quot;:false}\">\n\t\t\t\t\t\t<div class=\"elementor-container elementor-column-gap-wider\">\n\t\t\t\t\t<div class=\"elementor-column elementor-col-33 elementor-top-column elementor-element elementor-element-2b8ea39c\" data-id=\"2b8ea39c\" data-element_type=\"column\">\n\t\t\t<div class=\"elementor-widget-wrap elementor-element-populated\">\n\t\t\t\t\t\t<div class=\"elementor-element elementor-element-545b749b elementor-widget elementor-widget-image\" data-id=\"545b749b\" data-element_type=\"widget\" data-widget_type=\"image.default\">\n\t\t\t\t<div class=\"elementor-widget-container\">\n\t\t\t\t\t\t\t\t\t\t\t\t\t<img loading=\"lazy\" decoding=\"async\" width=\"960\" height=\"960\" src=\"https:\/\/vod.healthyketodiet.com\/wp-content\/uploads\/2023\/11\/95880895_2364469023850807_5977209237409890304_n.jpg\" class=\"attachment-large size-large wp-image-6048\" alt=\"\" srcset=\"https:\/\/vod.healthyketodiet.com\/wp-content\/uploads\/2023\/11\/95880895_2364469023850807_5977209237409890304_n.jpg 960w, https:\/\/vod.healthyketodiet.com\/wp-content\/uploads\/2023\/11\/95880895_2364469023850807_5977209237409890304_n-300x300.jpg 300w, https:\/\/vod.healthyketodiet.com\/wp-content\/uploads\/2023\/11\/95880895_2364469023850807_5977209237409890304_n-150x150.jpg 150w, https:\/\/vod.healthyketodiet.com\/wp-content\/uploads\/2023\/11\/95880895_2364469023850807_5977209237409890304_n-768x768.jpg 768w, https:\/\/vod.healthyketodiet.com\/wp-content\/uploads\/2023\/11\/95880895_2364469023850807_5977209237409890304_n-600x600.jpg 600w, https:\/\/vod.healthyketodiet.com\/wp-content\/uploads\/2023\/11\/95880895_2364469023850807_5977209237409890304_n-100x100.jpg 100w\" sizes=\"(max-width: 960px) 100vw, 960px\" \/>\t\t\t\t\t\t\t\t\t\t\t\t\t<\/div>\n\t\t\t\t<\/div>\n\t\t\t\t<div class=\"elementor-element elementor-element-61f495c elementor-widget elementor-widget-heading\" data-id=\"61f495c\" data-element_type=\"widget\" data-widget_type=\"heading.default\">\n\t\t\t\t<div class=\"elementor-widget-container\">\n\t\t\t<h3 class=\"elementor-heading-title elementor-size-default\"><b>Ania<\/b><br><b>-18 kg w 3 miesi\u0105ce<\/b><\/h3>\t\t<\/div>\n\t\t\t\t<\/div>\n\t\t\t\t\t<\/div>\n\t\t<\/div>\n\t\t\t\t<div class=\"elementor-column elementor-col-33 elementor-top-column elementor-element elementor-element-1bcf23c6\" data-id=\"1bcf23c6\" data-element_type=\"column\">\n\t\t\t<div class=\"elementor-widget-wrap elementor-element-populated\">\n\t\t\t\t\t\t<div class=\"elementor-element elementor-element-558e5596 elementor-widget elementor-widget-image\" data-id=\"558e5596\" data-element_type=\"widget\" data-widget_type=\"image.default\">\n\t\t\t\t<div class=\"elementor-widget-container\">\n\t\t\t\t\t\t\t\t\t\t\t\t\t<img loading=\"lazy\" decoding=\"async\" width=\"916\" height=\"904\" src=\"https:\/\/vod.healthyketodiet.com\/wp-content\/uploads\/2023\/11\/Piotrek-Jedruszko.png\" class=\"attachment-large size-large wp-image-6049\" alt=\"\" srcset=\"https:\/\/vod.healthyketodiet.com\/wp-content\/uploads\/2023\/11\/Piotrek-Jedruszko.png 916w, https:\/\/vod.healthyketodiet.com\/wp-content\/uploads\/2023\/11\/Piotrek-Jedruszko-300x296.png 300w, https:\/\/vod.healthyketodiet.com\/wp-content\/uploads\/2023\/11\/Piotrek-Jedruszko-768x758.png 768w, https:\/\/vod.healthyketodiet.com\/wp-content\/uploads\/2023\/11\/Piotrek-Jedruszko-600x592.png 600w, https:\/\/vod.healthyketodiet.com\/wp-content\/uploads\/2023\/11\/Piotrek-Jedruszko-100x100.png 100w\" sizes=\"(max-width: 916px) 100vw, 916px\" \/>\t\t\t\t\t\t\t\t\t\t\t\t\t<\/div>\n\t\t\t\t<\/div>\n\t\t\t\t<div class=\"elementor-element elementor-element-7ec8a9d6 elementor-widget elementor-widget-heading\" data-id=\"7ec8a9d6\" data-element_type=\"widget\" data-widget_type=\"heading.default\">\n\t\t\t\t<div class=\"elementor-widget-container\">\n\t\t\t<h3 class=\"elementor-heading-title elementor-size-default\"><b>Piotr<\/b><br><b>-16 kg w 3 miesi\u0105ce<\/b><\/h3>\t\t<\/div>\n\t\t\t\t<\/div>\n\t\t\t\t\t<\/div>\n\t\t<\/div>\n\t\t\t\t<div class=\"elementor-column elementor-col-33 elementor-top-column elementor-element elementor-element-7e56046b\" data-id=\"7e56046b\" data-element_type=\"column\">\n\t\t\t<div class=\"elementor-widget-wrap elementor-element-populated\">\n\t\t\t\t\t\t<div class=\"elementor-element elementor-element-479f39f7 elementor-widget elementor-widget-image\" data-id=\"479f39f7\" data-element_type=\"widget\" data-widget_type=\"image.default\">\n\t\t\t\t<div class=\"elementor-widget-container\">\n\t\t\t\t\t\t\t\t\t\t\t\t\t<img loading=\"lazy\" decoding=\"async\" width=\"1000\" height=\"1000\" src=\"https:\/\/vod.healthyketodiet.com\/wp-content\/uploads\/2023\/11\/Bez-nazwy-1.png\" class=\"attachment-large size-large wp-image-6050\" alt=\"\" srcset=\"https:\/\/vod.healthyketodiet.com\/wp-content\/uploads\/2023\/11\/Bez-nazwy-1.png 1000w, https:\/\/vod.healthyketodiet.com\/wp-content\/uploads\/2023\/11\/Bez-nazwy-1-300x300.png 300w, https:\/\/vod.healthyketodiet.com\/wp-content\/uploads\/2023\/11\/Bez-nazwy-1-150x150.png 150w, https:\/\/vod.healthyketodiet.com\/wp-content\/uploads\/2023\/11\/Bez-nazwy-1-768x768.png 768w, https:\/\/vod.healthyketodiet.com\/wp-content\/uploads\/2023\/11\/Bez-nazwy-1-600x600.png 600w, https:\/\/vod.healthyketodiet.com\/wp-content\/uploads\/2023\/11\/Bez-nazwy-1-100x100.png 100w\" sizes=\"(max-width: 1000px) 100vw, 1000px\" \/>\t\t\t\t\t\t\t\t\t\t\t\t\t<\/div>\n\t\t\t\t<\/div>\n\t\t\t\t<div class=\"elementor-element elementor-element-56dc7065 elementor-widget elementor-widget-heading\" data-id=\"56dc7065\" data-element_type=\"widget\" data-widget_type=\"heading.default\">\n\t\t\t\t<div class=\"elementor-widget-container\">\n\t\t\t<h3 class=\"elementor-heading-title elementor-size-default\"><b>Marek<\/b><br><b>-80 kg w 10 miesi\u0119cy<\/b><\/h3>\t\t<\/div>\n\t\t\t\t<\/div>\n\t\t\t\t\t<\/div>\n\t\t<\/div>\n\t\t\t\t\t<\/div>\n\t\t<\/section>\n\t\t\t\t<\/div>\n\t\t","protected":false},"excerpt":{"rendered":"<p>Zobacz przemiany moich pacjent\u00f3w Paulina-14 kg w 2.5 miesi\u0105ca Micha\u0142-60 kg w 10 miesi\u0119cy Romek-16 kg w 58 dni Ania-18 kg w 3 miesi\u0105ce Piotr-16 kg w 3 miesi\u0105ce Marek-80 kg w 10 miesi\u0119cy<\/p>\n","protected":false},"author":330,"featured_media":0,"parent":0,"menu_order":0,"comment_status":"closed","ping_status":"closed","template":"","meta":{"site-sidebar-layout":"no-sidebar","site-content-layout":"page-builder","ast-site-content-layout":"","site-content-style":"default","site-sidebar-style":"default","ast-global-header-display":"","ast-banner-title-visibility":"","ast-main-header-display":"","ast-hfb-above-header-display":"","ast-hfb-below-header-display":"","ast-hfb-mobile-header-display":"","site-post-title":"disabled","ast-breadcrumbs-content":"","ast-featured-img":"disabled","footer-sml-layout":"","theme-transparent-header-meta":"","adv-header-id-meta":"","stick-header-meta":"","header-above-stick-meta":"","header-main-stick-meta":"","header-below-stick-meta":"","astra-migrate-meta-layouts":"default","ast-page-background-enabled":"default","ast-page-background-meta":{"desktop":{"background-color":"","background-image":"","background-repeat":"repeat","background-position":"center center","background-size":"auto","background-attachment":"scroll","background-type":"","background-media":"","overlay-type":"","overlay-color":"","overlay-gradient":""},"tablet":{"background-color":"","background-image":"","background-repeat":"repeat","background-position":"center center","background-size":"auto","background-attachment":"scroll","background-type":"","background-media":"","overlay-type":"","overlay-color":"","overlay-gradient":""},"mobile":{"background-color":"","background-image":"","background-repeat":"repeat","background-position":"center center","background-size":"auto","background-attachment":"scroll","background-type":"","background-media":"","overlay-type":"","overlay-color":"","overlay-gradient":""}},"ast-content-background-meta":{"desktop":{"background-color":"var(--ast-global-color-5)","background-image":"","background-repeat":"repeat","background-position":"center center","background-size":"auto","background-attachment":"scroll","background-type":"","background-media":"","overlay-type":"","overlay-color":"","overlay-gradient":""},"tablet":{"background-color":"var(--ast-global-color-5)","background-image":"","background-repeat":"repeat","background-position":"center center","background-size":"auto","background-attachment":"scroll","background-type":"","background-media":"","overlay-type":"","overlay-color":"","overlay-gradient":""},"mobile":{"background-color":"var(--ast-global-color-5)","background-image":"","background-repeat":"repeat","background-position":"center center","background-size":"auto","background-attachment":"scroll","background-type":"","background-media":"","overlay-type":"","overlay-color":"","overlay-gradient":""}},"footnotes":""},"class_list":["post-8826","page","type-page","status-publish","hentry"],"yoast_head":"<!-- This site is optimized with the Yoast SEO plugin v24.0 - https:\/\/yoast.com\/wordpress\/plugins\/seo\/ -->\n<title>Przemiany - Platforma VOD KetoDietetyk.pl - Grzegorz Klonek<\/title>\n<meta name=\"robots\" content=\"noindex, follow, max-snippet:-1, max-image-preview:large, max-video-preview:-1\" \/>\n<meta property=\"og:locale\" content=\"pl_PL\" \/>\n<meta property=\"og:type\" content=\"article\" \/>\n<meta property=\"og:title\" content=\"Przemiany - Platforma VOD KetoDietetyk.pl - Grzegorz Klonek\" \/>\n<meta property=\"og:description\" content=\"Zobacz przemiany moich pacjent\u00f3w Paulina-14 kg w 2.5 miesi\u0105ca Micha\u0142-60 kg w 10 miesi\u0119cy Romek-16 kg w 58 dni Ania-18 kg w 3 miesi\u0105ce Piotr-16 kg w 3 miesi\u0105ce Marek-80 kg w 10 miesi\u0119cy\" \/>\n<meta property=\"og:url\" content=\"https:\/\/vod.healthyketodiet.com\/pl\/przemiany-gk\/\" \/>\n<meta property=\"og:site_name\" content=\"Platforma VOD KetoDietetyk.pl - Grzegorz Klonek\" \/>\n<meta property=\"article:modified_time\" content=\"2023-12-21T14:26:41+00:00\" \/>\n<meta property=\"og:image\" content=\"https:\/\/vod.healthyketodiet.com\/wp-content\/uploads\/2023\/11\/245913054_2788355298128842_1812486992357268721_n.jpg\" \/>\n<meta name=\"twitter:card\" content=\"summary_large_image\" \/>\n<meta name=\"twitter:label1\" content=\"Szacowany czas czytania\" \/>\n\t<meta name=\"twitter:data1\" content=\"2 minuty\" \/>\n<script type=\"application\/ld+json\" class=\"yoast-schema-graph\">{\"@context\":\"https:\/\/schema.org\",\"@graph\":[{\"@type\":\"WebPage\",\"@id\":\"https:\/\/vod.healthyketodiet.com\/pl\/przemiany-gk\/\",\"url\":\"https:\/\/vod.healthyketodiet.com\/pl\/przemiany-gk\/\",\"name\":\"Przemiany - Platforma VOD KetoDietetyk.pl - Grzegorz Klonek\",\"isPartOf\":{\"@id\":\"https:\/\/vod.healthyketodiet.com\/pl\/#website\"},\"primaryImageOfPage\":{\"@id\":\"https:\/\/vod.healthyketodiet.com\/pl\/przemiany-gk\/#primaryimage\"},\"image\":{\"@id\":\"https:\/\/vod.healthyketodiet.com\/pl\/przemiany-gk\/#primaryimage\"},\"thumbnailUrl\":\"https:\/\/vod.healthyketodiet.com\/wp-content\/uploads\/2023\/11\/245913054_2788355298128842_1812486992357268721_n.jpg\",\"datePublished\":\"2023-12-19T14:17:52+00:00\",\"dateModified\":\"2023-12-21T14:26:41+00:00\",\"inLanguage\":\"pl-PL\",\"potentialAction\":[{\"@type\":\"ReadAction\",\"target\":[\"https:\/\/vod.healthyketodiet.com\/pl\/przemiany-gk\/\"]}]},{\"@type\":\"ImageObject\",\"inLanguage\":\"pl-PL\",\"@id\":\"https:\/\/vod.healthyketodiet.com\/pl\/przemiany-gk\/#primaryimage\",\"url\":\"https:\/\/vod.healthyketodiet.com\/wp-content\/uploads\/2023\/11\/245913054_2788355298128842_1812486992357268721_n.jpg\",\"contentUrl\":\"https:\/\/vod.healthyketodiet.com\/wp-content\/uploads\/2023\/11\/245913054_2788355298128842_1812486992357268721_n.jpg\"},{\"@type\":\"WebSite\",\"@id\":\"https:\/\/vod.healthyketodiet.com\/pl\/#website\",\"url\":\"https:\/\/vod.healthyketodiet.com\/pl\/\",\"name\":\"Platforma VOD KetoDietetyk.pl - Grzegorz Klonek\",\"description\":\"\",\"publisher\":{\"@id\":\"https:\/\/vod.healthyketodiet.com\/pl\/#organization\"},\"potentialAction\":[{\"@type\":\"SearchAction\",\"target\":{\"@type\":\"EntryPoint\",\"urlTemplate\":\"https:\/\/vod.healthyketodiet.com\/pl\/?s={search_term_string}\"},\"query-input\":{\"@type\":\"PropertyValueSpecification\",\"valueRequired\":true,\"valueName\":\"search_term_string\"}}],\"inLanguage\":\"pl-PL\"},{\"@type\":\"Organization\",\"@id\":\"https:\/\/vod.healthyketodiet.com\/pl\/#organization\",\"name\":\"Platforma VOD KetoDietetyk.pl - Grzegorz Klonek\",\"url\":\"https:\/\/vod.healthyketodiet.com\/pl\/\",\"logo\":{\"@type\":\"ImageObject\",\"inLanguage\":\"pl-PL\",\"@id\":\"https:\/\/vod.healthyketodiet.com\/pl\/#\/schema\/logo\/image\/\",\"url\":\"https:\/\/vod.healthyketodiet.com\/wp-content\/uploads\/2024\/05\/cropped-enlogo2.png\",\"contentUrl\":\"https:\/\/vod.healthyketodiet.com\/wp-content\/uploads\/2024\/05\/cropped-enlogo2.png\",\"width\":233,\"height\":75,\"caption\":\"Platforma VOD KetoDietetyk.pl - Grzegorz Klonek\"},\"image\":{\"@id\":\"https:\/\/vod.healthyketodiet.com\/pl\/#\/schema\/logo\/image\/\"}}]}<\/script>\n<!-- \/ Yoast SEO plugin. -->","yoast_head_json":{"title":"Przemiany - Platforma VOD KetoDietetyk.pl - Grzegorz Klonek","robots":{"index":"noindex","follow":"follow","max-snippet":"max-snippet:-1","max-image-preview":"max-image-preview:large","max-video-preview":"max-video-preview:-1"},"og_locale":"pl_PL","og_type":"article","og_title":"Przemiany - Platforma VOD KetoDietetyk.pl - Grzegorz Klonek","og_description":"Zobacz przemiany moich pacjent\u00f3w Paulina-14 kg w 2.5 miesi\u0105ca Micha\u0142-60 kg w 10 miesi\u0119cy Romek-16 kg w 58 dni Ania-18 kg w 3 miesi\u0105ce Piotr-16 kg w 3 miesi\u0105ce Marek-80 kg w 10 miesi\u0119cy","og_url":"https:\/\/vod.healthyketodiet.com\/pl\/przemiany-gk\/","og_site_name":"Platforma VOD KetoDietetyk.pl - Grzegorz Klonek","article_modified_time":"2023-12-21T14:26:41+00:00","og_image":[{"url":"https:\/\/vod.healthyketodiet.com\/wp-content\/uploads\/2023\/11\/245913054_2788355298128842_1812486992357268721_n.jpg","type":"","width":"","height":""}],"twitter_card":"summary_large_image","twitter_misc":{"Szacowany czas czytania":"2 minuty"},"schema":{"@context":"https:\/\/schema.org","@graph":[{"@type":"WebPage","@id":"https:\/\/vod.healthyketodiet.com\/pl\/przemiany-gk\/","url":"https:\/\/vod.healthyketodiet.com\/pl\/przemiany-gk\/","name":"Przemiany - Platforma VOD KetoDietetyk.pl - Grzegorz Klonek","isPartOf":{"@id":"https:\/\/vod.healthyketodiet.com\/pl\/#website"},"primaryImageOfPage":{"@id":"https:\/\/vod.healthyketodiet.com\/pl\/przemiany-gk\/#primaryimage"},"image":{"@id":"https:\/\/vod.healthyketodiet.com\/pl\/przemiany-gk\/#primaryimage"},"thumbnailUrl":"https:\/\/vod.healthyketodiet.com\/wp-content\/uploads\/2023\/11\/245913054_2788355298128842_1812486992357268721_n.jpg","datePublished":"2023-12-19T14:17:52+00:00","dateModified":"2023-12-21T14:26:41+00:00","inLanguage":"pl-PL","potentialAction":[{"@type":"ReadAction","target":["https:\/\/vod.healthyketodiet.com\/pl\/przemiany-gk\/"]}]},{"@type":"ImageObject","inLanguage":"pl-PL","@id":"https:\/\/vod.healthyketodiet.com\/pl\/przemiany-gk\/#primaryimage","url":"https:\/\/vod.healthyketodiet.com\/wp-content\/uploads\/2023\/11\/245913054_2788355298128842_1812486992357268721_n.jpg","contentUrl":"https:\/\/vod.healthyketodiet.com\/wp-content\/uploads\/2023\/11\/245913054_2788355298128842_1812486992357268721_n.jpg"},{"@type":"WebSite","@id":"https:\/\/vod.healthyketodiet.com\/pl\/#website","url":"https:\/\/vod.healthyketodiet.com\/pl\/","name":"Platforma VOD KetoDietetyk.pl - Grzegorz Klonek","description":"","publisher":{"@id":"https:\/\/vod.healthyketodiet.com\/pl\/#organization"},"potentialAction":[{"@type":"SearchAction","target":{"@type":"EntryPoint","urlTemplate":"https:\/\/vod.healthyketodiet.com\/pl\/?s={search_term_string}"},"query-input":{"@type":"PropertyValueSpecification","valueRequired":true,"valueName":"search_term_string"}}],"inLanguage":"pl-PL"},{"@type":"Organization","@id":"https:\/\/vod.healthyketodiet.com\/pl\/#organization","name":"Platforma VOD KetoDietetyk.pl - Grzegorz Klonek","url":"https:\/\/vod.healthyketodiet.com\/pl\/","logo":{"@type":"ImageObject","inLanguage":"pl-PL","@id":"https:\/\/vod.healthyketodiet.com\/pl\/#\/schema\/logo\/image\/","url":"https:\/\/vod.healthyketodiet.com\/wp-content\/uploads\/2024\/05\/cropped-enlogo2.png","contentUrl":"https:\/\/vod.healthyketodiet.com\/wp-content\/uploads\/2024\/05\/cropped-enlogo2.png","width":233,"height":75,"caption":"Platforma VOD KetoDietetyk.pl - Grzegorz Klonek"},"image":{"@id":"https:\/\/vod.healthyketodiet.com\/pl\/#\/schema\/logo\/image\/"}}]}},"_links":{"self":[{"href":"https:\/\/vod.healthyketodiet.com\/pl\/wp-json\/wp\/v2\/pages\/8826","targetHints":{"allow":["GET"]}}],"collection":[{"href":"https:\/\/vod.healthyketodiet.com\/pl\/wp-json\/wp\/v2\/pages"}],"about":[{"href":"https:\/\/vod.healthyketodiet.com\/pl\/wp-json\/wp\/v2\/types\/page"}],"author":[{"embeddable":true,"href":"https:\/\/vod.healthyketodiet.com\/pl\/wp-json\/wp\/v2\/users\/330"}],"replies":[{"embeddable":true,"href":"https:\/\/vod.healthyketodiet.com\/pl\/wp-json\/wp\/v2\/comments?post=8826"}],"version-history":[{"count":0,"href":"https:\/\/vod.healthyketodiet.com\/pl\/wp-json\/wp\/v2\/pages\/8826\/revisions"}],"wp:attachment":[{"href":"https:\/\/vod.healthyketodiet.com\/pl\/wp-json\/wp\/v2\/media?parent=8826"}],"curies":[{"name":"wp","href":"https:\/\/api.w.org\/{rel}","templated":true}]}}