
{"id":6654,"date":"2023-11-30T15:47:09","date_gmt":"2023-11-30T14:47:09","guid":{"rendered":"https:\/\/vod.healthyketodiet.com\/?page_id=6654"},"modified":"2023-11-30T15:50:24","modified_gmt":"2023-11-30T14:50:24","slug":"moje-doswiadczenie","status":"publish","type":"page","link":"https:\/\/vod.healthyketodiet.com\/pl\/moje-doswiadczenie\/","title":{"rendered":"Moje do\u015bwiadczenie"},"content":{"rendered":"\t\t<div data-elementor-type=\"wp-page\" data-elementor-id=\"6654\" class=\"elementor elementor-6654\" data-elementor-settings=\"{&quot;ha_cmc_init_switcher&quot;:&quot;no&quot;}\" data-elementor-post-type=\"page\">\n\t\t\t\t\t\t<section class=\"elementor-section elementor-top-section elementor-element elementor-element-3dcb868 elementor-section-boxed elementor-section-height-default elementor-section-height-default\" data-id=\"3dcb868\" data-element_type=\"section\" data-settings=\"{&quot;_ha_eqh_enable&quot;:false}\">\n\t\t\t\t\t\t<div class=\"elementor-container elementor-column-gap-default\">\n\t\t\t\t\t<div class=\"elementor-column elementor-col-100 elementor-top-column elementor-element elementor-element-7f2e566\" data-id=\"7f2e566\" data-element_type=\"column\">\n\t\t\t<div class=\"elementor-widget-wrap elementor-element-populated\">\n\t\t\t\t\t\t<section class=\"elementor-section elementor-inner-section elementor-element elementor-element-050b7e9 elementor-section-boxed elementor-section-height-default elementor-section-height-default\" data-id=\"050b7e9\" data-element_type=\"section\" data-settings=\"{&quot;_ha_eqh_enable&quot;:false}\">\n\t\t\t\t\t\t<div class=\"elementor-container elementor-column-gap-default\">\n\t\t\t\t\t<div class=\"elementor-column elementor-col-50 elementor-inner-column elementor-element elementor-element-a4afcc6\" data-id=\"a4afcc6\" data-element_type=\"column\">\n\t\t\t<div class=\"elementor-widget-wrap elementor-element-populated\">\n\t\t\t\t\t\t<div class=\"elementor-element elementor-element-ed97147 elementor-widget elementor-widget-image\" data-id=\"ed97147\" data-element_type=\"widget\" data-widget_type=\"image.default\">\n\t\t\t\t<div class=\"elementor-widget-container\">\n\t\t\t\t\t\t\t\t\t\t\t\t\t<img fetchpriority=\"high\" decoding=\"async\" width=\"904\" height=\"535\" src=\"https:\/\/vod.healthyketodiet.com\/wp-content\/uploads\/2023\/11\/grzegorzklonek-1.jpg\" class=\"attachment-large size-large wp-image-6652\" alt=\"\" srcset=\"https:\/\/vod.healthyketodiet.com\/wp-content\/uploads\/2023\/11\/grzegorzklonek-1.jpg 904w, https:\/\/vod.healthyketodiet.com\/wp-content\/uploads\/2023\/11\/grzegorzklonek-1-300x178.jpg 300w, https:\/\/vod.healthyketodiet.com\/wp-content\/uploads\/2023\/11\/grzegorzklonek-1-768x455.jpg 768w, https:\/\/vod.healthyketodiet.com\/wp-content\/uploads\/2023\/11\/grzegorzklonek-1-600x355.jpg 600w\" sizes=\"(max-width: 904px) 100vw, 904px\" \/>\t\t\t\t\t\t\t\t\t\t\t\t\t<\/div>\n\t\t\t\t<\/div>\n\t\t\t\t\t<\/div>\n\t\t<\/div>\n\t\t\t\t<div class=\"elementor-column elementor-col-50 elementor-inner-column elementor-element elementor-element-6fb5d49\" data-id=\"6fb5d49\" data-element_type=\"column\">\n\t\t\t<div class=\"elementor-widget-wrap elementor-element-populated\">\n\t\t\t\t\t\t<div class=\"elementor-element elementor-element-79b0320 elementor-widget elementor-widget-text-editor\" data-id=\"79b0320\" data-element_type=\"widget\" data-widget_type=\"text-editor.default\">\n\t\t\t\t<div class=\"elementor-widget-container\">\n\t\t\t\t\t\t\t<p>Nazywam si\u0119 Grzegorz Klonek, jestem dietetykiem specjalizuj\u0105cym si\u0119 w pomocy osobom oty\u0142ym, a zw\u0142aszcza osobom, u kt\u00f3rych oty\u0142o\u015b\u0107 jest wynikiem zaburze\u0144 hormonalnych i chor\u00f3b. Uko\u0144czy\u0142em studia magisterskie na Akademii Wychowania Fizycznego w Katowicach oraz studia podyplomowe na kierunku dietetyka i planowanie \u017cywienia w Wy\u017cszej Szkole Nauk Spo\u0142ecznych w Lublinie. <br \/><br \/>W 2016 roku za\u0142o\u017cy\u0142em swoj\u0105 poradni\u0119 Lenacor Centrum Dietetyki, do kt\u00f3rej trafia rocznie prawie 2000 os\u00f3b z powy\u017cszymi problemami. Zaufanie, jakim obdarzaj\u0105 mnie pacjenci wynika z tego, \u017ce jestem cz\u0142owiekiem empatycznym i dobrze rozumiem problem, z kt\u00f3rym zmaga si\u0119 ka\u017cda osob\u0105 oty\u0142a, przede wszystkim dlatego, \u017ce sam by\u0142em bardzo oty\u0142y, bowiem kilka lat temu wa\u017cy\u0142em 138 kg. Pomimo restrykcyjnej diety nie mog\u0142em pozby\u0107 si\u0119 swojej nadwagi i wtedy dowiedzia\u0142em si\u0119 mi\u0119dzy innymi czym jest insulinooporno\u015b\u0107.<\/p>\t\t\t\t\t\t<\/div>\n\t\t\t\t<\/div>\n\t\t\t\t\t<\/div>\n\t\t<\/div>\n\t\t\t\t\t<\/div>\n\t\t<\/section>\n\t\t\t\t\t<\/div>\n\t\t<\/div>\n\t\t\t\t\t<\/div>\n\t\t<\/section>\n\t\t\t\t<section class=\"elementor-section elementor-top-section elementor-element elementor-element-3b860a5 elementor-section-boxed elementor-section-height-default elementor-section-height-default\" data-id=\"3b860a5\" data-element_type=\"section\" data-settings=\"{&quot;_ha_eqh_enable&quot;:false}\">\n\t\t\t\t\t\t<div class=\"elementor-container elementor-column-gap-default\">\n\t\t\t\t\t<div class=\"elementor-column elementor-col-100 elementor-top-column elementor-element elementor-element-04a10f8\" data-id=\"04a10f8\" data-element_type=\"column\">\n\t\t\t<div class=\"elementor-widget-wrap elementor-element-populated\">\n\t\t\t\t\t\t<div class=\"elementor-element elementor-element-2ced77d elementor-widget elementor-widget-text-editor\" data-id=\"2ced77d\" data-element_type=\"widget\" data-widget_type=\"text-editor.default\">\n\t\t\t\t<div class=\"elementor-widget-container\">\n\t\t\t\t\t\t\t<p>Od najm\u0142odszych lat interesuj\u0119 si\u0119 zdrowiem i sportem. Dzi\u0119ki pe\u0142nemu zaanga\u017cowaniu w wieku 17 lat zosta\u0142em reprezentantem Polski w judo i jujitsu. Wywalczy\u0142em czo\u0142owe miejsca w \u015bwiatowych pucharach oraz reprezentowa\u0142em nasz kraj na Mistrzostwach \u015awiata i Europy w judo. W 1998 roku zosta\u0142em cz\u0142onkiem szerokiej kadry olimpijskiej na Ateny 2004. Jestem kilkunastokrotnym medalist\u0105 Mistrzostw Polski zar\u00f3wno w judo i w jujitsu.<\/p><p>Prywatnie jestem szcz\u0119\u015bliwym m\u0119\u017cem i ojcem, pe\u0142nym entuzjazmu i rado\u015bci. Uwielbiam sport, podr\u00f3\u017ce, kocham si\u0119 rozwija\u0107, czyta\u0107 ksi\u0105\u017cki oraz pi\u0107 dobr\u0105 kaw\u0119.<\/p><p>W \u017cyciu kieruje si\u0119 odpowiedzialno\u015bci\u0105, rozwojem i skuteczno\u015bci\u0105. \u017byje wed\u0142ug idei, w kt\u00f3re mocno wierz\u0119, a moj\u0105 wizj\u0105 jest dostarczenie wszystkim ludziom narz\u0119dzi, dzi\u0119ki kt\u00f3rym poprawie ulegnie ich zdrowie. Moje motto to\u00a0<strong>\u201eje\u015bli my\u015blisz, \u017ce nic nie mo\u017cesz zmieni\u0107, zmie\u0144 my\u015blenie\u2026\u201d<\/strong><\/p>\t\t\t\t\t\t<\/div>\n\t\t\t\t<\/div>\n\t\t\t\t\t<\/div>\n\t\t<\/div>\n\t\t\t\t\t<\/div>\n\t\t<\/section>\n\t\t\t\t<\/div>\n\t\t","protected":false},"excerpt":{"rendered":"<p>Nazywam si\u0119 Grzegorz Klonek, jestem dietetykiem specjalizuj\u0105cym si\u0119 w pomocy osobom oty\u0142ym, a zw\u0142aszcza osobom, u kt\u00f3rych oty\u0142o\u015b\u0107 jest wynikiem zaburze\u0144 hormonalnych i chor\u00f3b. Uko\u0144czy\u0142em studia magisterskie na Akademii Wychowania Fizycznego w Katowicach oraz studia podyplomowe na kierunku dietetyka i planowanie \u017cywienia w Wy\u017cszej Szkole Nauk Spo\u0142ecznych w Lublinie. W 2016 roku za\u0142o\u017cy\u0142em swoj\u0105 poradni\u0119 [&hellip;]<\/p>\n","protected":false},"author":330,"featured_media":0,"parent":0,"menu_order":0,"comment_status":"closed","ping_status":"closed","template":"","meta":{"site-sidebar-layout":"no-sidebar","site-content-layout":"page-builder","ast-site-content-layout":"","site-content-style":"default","site-sidebar-style":"default","ast-global-header-display":"","ast-banner-title-visibility":"","ast-main-header-display":"","ast-hfb-above-header-display":"","ast-hfb-below-header-display":"","ast-hfb-mobile-header-display":"","site-post-title":"disabled","ast-breadcrumbs-content":"","ast-featured-img":"disabled","footer-sml-layout":"","theme-transparent-header-meta":"","adv-header-id-meta":"","stick-header-meta":"","header-above-stick-meta":"","header-main-stick-meta":"","header-below-stick-meta":"","astra-migrate-meta-layouts":"default","ast-page-background-enabled":"default","ast-page-background-meta":{"desktop":{"background-color":"","background-image":"","background-repeat":"repeat","background-position":"center center","background-size":"auto","background-attachment":"scroll","background-type":"","background-media":"","overlay-type":"","overlay-color":"","overlay-gradient":""},"tablet":{"background-color":"","background-image":"","background-repeat":"repeat","background-position":"center center","background-size":"auto","background-attachment":"scroll","background-type":"","background-media":"","overlay-type":"","overlay-color":"","overlay-gradient":""},"mobile":{"background-color":"","background-image":"","background-repeat":"repeat","background-position":"center center","background-size":"auto","background-attachment":"scroll","background-type":"","background-media":"","overlay-type":"","overlay-color":"","overlay-gradient":""}},"ast-content-background-meta":{"desktop":{"background-color":"var(--ast-global-color-5)","background-image":"","background-repeat":"repeat","background-position":"center center","background-size":"auto","background-attachment":"scroll","background-type":"","background-media":"","overlay-type":"","overlay-color":"","overlay-gradient":""},"tablet":{"background-color":"var(--ast-global-color-5)","background-image":"","background-repeat":"repeat","background-position":"center center","background-size":"auto","background-attachment":"scroll","background-type":"","background-media":"","overlay-type":"","overlay-color":"","overlay-gradient":""},"mobile":{"background-color":"var(--ast-global-color-5)","background-image":"","background-repeat":"repeat","background-position":"center center","background-size":"auto","background-attachment":"scroll","background-type":"","background-media":"","overlay-type":"","overlay-color":"","overlay-gradient":""}},"footnotes":""},"class_list":["post-6654","page","type-page","status-publish","hentry"],"yoast_head":"<!-- This site is optimized with the Yoast SEO plugin v24.0 - https:\/\/yoast.com\/wordpress\/plugins\/seo\/ -->\n<title>Moje do\u015bwiadczenie - Platforma VOD KetoDietetyk.pl - Grzegorz Klonek<\/title>\n<meta name=\"robots\" content=\"noindex, follow, max-snippet:-1, max-image-preview:large, max-video-preview:-1\" \/>\n<meta property=\"og:locale\" content=\"pl_PL\" \/>\n<meta property=\"og:type\" content=\"article\" \/>\n<meta property=\"og:title\" content=\"Moje do\u015bwiadczenie - Platforma VOD KetoDietetyk.pl - Grzegorz Klonek\" \/>\n<meta property=\"og:description\" content=\"Nazywam si\u0119 Grzegorz Klonek, jestem dietetykiem specjalizuj\u0105cym si\u0119 w pomocy osobom oty\u0142ym, a zw\u0142aszcza osobom, u kt\u00f3rych oty\u0142o\u015b\u0107 jest wynikiem zaburze\u0144 hormonalnych i chor\u00f3b. Uko\u0144czy\u0142em studia magisterskie na Akademii Wychowania Fizycznego w Katowicach oraz studia podyplomowe na kierunku dietetyka i planowanie \u017cywienia w Wy\u017cszej Szkole Nauk Spo\u0142ecznych w Lublinie. W 2016 roku za\u0142o\u017cy\u0142em swoj\u0105 poradni\u0119 [&hellip;]\" \/>\n<meta property=\"og:url\" content=\"https:\/\/vod.healthyketodiet.com\/pl\/moje-doswiadczenie\/\" \/>\n<meta property=\"og:site_name\" content=\"Platforma VOD KetoDietetyk.pl - Grzegorz Klonek\" \/>\n<meta property=\"article:modified_time\" content=\"2023-11-30T14:50:24+00:00\" \/>\n<meta property=\"og:image\" content=\"https:\/\/vod.healthyketodiet.com\/wp-content\/uploads\/2023\/11\/grzegorzklonek-1.jpg\" \/>\n<meta name=\"twitter:card\" content=\"summary_large_image\" \/>\n<meta name=\"twitter:label1\" content=\"Szacowany czas czytania\" \/>\n\t<meta name=\"twitter:data1\" content=\"2 minuty\" \/>\n<script type=\"application\/ld+json\" class=\"yoast-schema-graph\">{\"@context\":\"https:\/\/schema.org\",\"@graph\":[{\"@type\":\"WebPage\",\"@id\":\"https:\/\/vod.healthyketodiet.com\/pl\/moje-doswiadczenie\/\",\"url\":\"https:\/\/vod.healthyketodiet.com\/pl\/moje-doswiadczenie\/\",\"name\":\"Moje do\u015bwiadczenie - Platforma VOD KetoDietetyk.pl - Grzegorz Klonek\",\"isPartOf\":{\"@id\":\"https:\/\/vod.healthyketodiet.com\/pl\/#website\"},\"primaryImageOfPage\":{\"@id\":\"https:\/\/vod.healthyketodiet.com\/pl\/moje-doswiadczenie\/#primaryimage\"},\"image\":{\"@id\":\"https:\/\/vod.healthyketodiet.com\/pl\/moje-doswiadczenie\/#primaryimage\"},\"thumbnailUrl\":\"https:\/\/vod.healthyketodiet.com\/wp-content\/uploads\/2023\/11\/grzegorzklonek-1.jpg\",\"datePublished\":\"2023-11-30T14:47:09+00:00\",\"dateModified\":\"2023-11-30T14:50:24+00:00\",\"inLanguage\":\"pl-PL\",\"potentialAction\":[{\"@type\":\"ReadAction\",\"target\":[\"https:\/\/vod.healthyketodiet.com\/pl\/moje-doswiadczenie\/\"]}]},{\"@type\":\"ImageObject\",\"inLanguage\":\"pl-PL\",\"@id\":\"https:\/\/vod.healthyketodiet.com\/pl\/moje-doswiadczenie\/#primaryimage\",\"url\":\"https:\/\/vod.healthyketodiet.com\/wp-content\/uploads\/2023\/11\/grzegorzklonek-1.jpg\",\"contentUrl\":\"https:\/\/vod.healthyketodiet.com\/wp-content\/uploads\/2023\/11\/grzegorzklonek-1.jpg\"},{\"@type\":\"WebSite\",\"@id\":\"https:\/\/vod.healthyketodiet.com\/pl\/#website\",\"url\":\"https:\/\/vod.healthyketodiet.com\/pl\/\",\"name\":\"Platforma VOD KetoDietetyk.pl - Grzegorz Klonek\",\"description\":\"\",\"publisher\":{\"@id\":\"https:\/\/vod.healthyketodiet.com\/pl\/#organization\"},\"potentialAction\":[{\"@type\":\"SearchAction\",\"target\":{\"@type\":\"EntryPoint\",\"urlTemplate\":\"https:\/\/vod.healthyketodiet.com\/pl\/?s={search_term_string}\"},\"query-input\":{\"@type\":\"PropertyValueSpecification\",\"valueRequired\":true,\"valueName\":\"search_term_string\"}}],\"inLanguage\":\"pl-PL\"},{\"@type\":\"Organization\",\"@id\":\"https:\/\/vod.healthyketodiet.com\/pl\/#organization\",\"name\":\"Platforma VOD KetoDietetyk.pl - Grzegorz Klonek\",\"url\":\"https:\/\/vod.healthyketodiet.com\/pl\/\",\"logo\":{\"@type\":\"ImageObject\",\"inLanguage\":\"pl-PL\",\"@id\":\"https:\/\/vod.healthyketodiet.com\/pl\/#\/schema\/logo\/image\/\",\"url\":\"https:\/\/vod.healthyketodiet.com\/wp-content\/uploads\/2024\/05\/cropped-enlogo2.png\",\"contentUrl\":\"https:\/\/vod.healthyketodiet.com\/wp-content\/uploads\/2024\/05\/cropped-enlogo2.png\",\"width\":233,\"height\":75,\"caption\":\"Platforma VOD KetoDietetyk.pl - Grzegorz Klonek\"},\"image\":{\"@id\":\"https:\/\/vod.healthyketodiet.com\/pl\/#\/schema\/logo\/image\/\"}}]}<\/script>\n<!-- \/ Yoast SEO plugin. -->","yoast_head_json":{"title":"Moje do\u015bwiadczenie - Platforma VOD KetoDietetyk.pl - Grzegorz Klonek","robots":{"index":"noindex","follow":"follow","max-snippet":"max-snippet:-1","max-image-preview":"max-image-preview:large","max-video-preview":"max-video-preview:-1"},"og_locale":"pl_PL","og_type":"article","og_title":"Moje do\u015bwiadczenie - Platforma VOD KetoDietetyk.pl - Grzegorz Klonek","og_description":"Nazywam si\u0119 Grzegorz Klonek, jestem dietetykiem specjalizuj\u0105cym si\u0119 w pomocy osobom oty\u0142ym, a zw\u0142aszcza osobom, u kt\u00f3rych oty\u0142o\u015b\u0107 jest wynikiem zaburze\u0144 hormonalnych i chor\u00f3b. Uko\u0144czy\u0142em studia magisterskie na Akademii Wychowania Fizycznego w Katowicach oraz studia podyplomowe na kierunku dietetyka i planowanie \u017cywienia w Wy\u017cszej Szkole Nauk Spo\u0142ecznych w Lublinie. W 2016 roku za\u0142o\u017cy\u0142em swoj\u0105 poradni\u0119 [&hellip;]","og_url":"https:\/\/vod.healthyketodiet.com\/pl\/moje-doswiadczenie\/","og_site_name":"Platforma VOD KetoDietetyk.pl - Grzegorz Klonek","article_modified_time":"2023-11-30T14:50:24+00:00","og_image":[{"url":"https:\/\/vod.healthyketodiet.com\/wp-content\/uploads\/2023\/11\/grzegorzklonek-1.jpg","type":"","width":"","height":""}],"twitter_card":"summary_large_image","twitter_misc":{"Szacowany czas czytania":"2 minuty"},"schema":{"@context":"https:\/\/schema.org","@graph":[{"@type":"WebPage","@id":"https:\/\/vod.healthyketodiet.com\/pl\/moje-doswiadczenie\/","url":"https:\/\/vod.healthyketodiet.com\/pl\/moje-doswiadczenie\/","name":"Moje do\u015bwiadczenie - Platforma VOD KetoDietetyk.pl - Grzegorz Klonek","isPartOf":{"@id":"https:\/\/vod.healthyketodiet.com\/pl\/#website"},"primaryImageOfPage":{"@id":"https:\/\/vod.healthyketodiet.com\/pl\/moje-doswiadczenie\/#primaryimage"},"image":{"@id":"https:\/\/vod.healthyketodiet.com\/pl\/moje-doswiadczenie\/#primaryimage"},"thumbnailUrl":"https:\/\/vod.healthyketodiet.com\/wp-content\/uploads\/2023\/11\/grzegorzklonek-1.jpg","datePublished":"2023-11-30T14:47:09+00:00","dateModified":"2023-11-30T14:50:24+00:00","inLanguage":"pl-PL","potentialAction":[{"@type":"ReadAction","target":["https:\/\/vod.healthyketodiet.com\/pl\/moje-doswiadczenie\/"]}]},{"@type":"ImageObject","inLanguage":"pl-PL","@id":"https:\/\/vod.healthyketodiet.com\/pl\/moje-doswiadczenie\/#primaryimage","url":"https:\/\/vod.healthyketodiet.com\/wp-content\/uploads\/2023\/11\/grzegorzklonek-1.jpg","contentUrl":"https:\/\/vod.healthyketodiet.com\/wp-content\/uploads\/2023\/11\/grzegorzklonek-1.jpg"},{"@type":"WebSite","@id":"https:\/\/vod.healthyketodiet.com\/pl\/#website","url":"https:\/\/vod.healthyketodiet.com\/pl\/","name":"Platforma VOD KetoDietetyk.pl - Grzegorz Klonek","description":"","publisher":{"@id":"https:\/\/vod.healthyketodiet.com\/pl\/#organization"},"potentialAction":[{"@type":"SearchAction","target":{"@type":"EntryPoint","urlTemplate":"https:\/\/vod.healthyketodiet.com\/pl\/?s={search_term_string}"},"query-input":{"@type":"PropertyValueSpecification","valueRequired":true,"valueName":"search_term_string"}}],"inLanguage":"pl-PL"},{"@type":"Organization","@id":"https:\/\/vod.healthyketodiet.com\/pl\/#organization","name":"Platforma VOD KetoDietetyk.pl - Grzegorz Klonek","url":"https:\/\/vod.healthyketodiet.com\/pl\/","logo":{"@type":"ImageObject","inLanguage":"pl-PL","@id":"https:\/\/vod.healthyketodiet.com\/pl\/#\/schema\/logo\/image\/","url":"https:\/\/vod.healthyketodiet.com\/wp-content\/uploads\/2024\/05\/cropped-enlogo2.png","contentUrl":"https:\/\/vod.healthyketodiet.com\/wp-content\/uploads\/2024\/05\/cropped-enlogo2.png","width":233,"height":75,"caption":"Platforma VOD KetoDietetyk.pl - Grzegorz Klonek"},"image":{"@id":"https:\/\/vod.healthyketodiet.com\/pl\/#\/schema\/logo\/image\/"}}]}},"_links":{"self":[{"href":"https:\/\/vod.healthyketodiet.com\/pl\/wp-json\/wp\/v2\/pages\/6654","targetHints":{"allow":["GET"]}}],"collection":[{"href":"https:\/\/vod.healthyketodiet.com\/pl\/wp-json\/wp\/v2\/pages"}],"about":[{"href":"https:\/\/vod.healthyketodiet.com\/pl\/wp-json\/wp\/v2\/types\/page"}],"author":[{"embeddable":true,"href":"https:\/\/vod.healthyketodiet.com\/pl\/wp-json\/wp\/v2\/users\/330"}],"replies":[{"embeddable":true,"href":"https:\/\/vod.healthyketodiet.com\/pl\/wp-json\/wp\/v2\/comments?post=6654"}],"version-history":[{"count":0,"href":"https:\/\/vod.healthyketodiet.com\/pl\/wp-json\/wp\/v2\/pages\/6654\/revisions"}],"wp:attachment":[{"href":"https:\/\/vod.healthyketodiet.com\/pl\/wp-json\/wp\/v2\/media?parent=6654"}],"curies":[{"name":"wp","href":"https:\/\/api.w.org\/{rel}","templated":true}]}}