
{"id":2051,"date":"2021-08-11T14:40:58","date_gmt":"2021-08-11T12:40:58","guid":{"rendered":"https:\/\/vod.healthyketodiet.com\/strefa-partnera\/"},"modified":"2021-08-11T15:02:23","modified_gmt":"2021-08-11T13:02:23","slug":"strefa-partnera","status":"publish","type":"page","link":"https:\/\/vod.healthyketodiet.com\/pl\/strefa-partnera\/","title":{"rendered":"Strefa Partnera"},"content":{"rendered":"\n<form id=\"affwp-register-form\" class=\"affwp-form\" action=\"\" method=\"post\">\n\t\n\t<fieldset>\n\t\t<legend>Stw\u00f3rz konto partnerskie<\/legend>\n\n\t\t\n\t\t<p>\n\t\t\t<label for=\"affwp-user-name\">Nazwa<\/label>\n\t\t\t<input id=\"affwp-user-name\" type=\"text\" name=\"affwp_user_name\" value=\"\" title=\"Nazwa\"  \/>\n\t\t<\/p>\n\n\t\t<p>\n\t\t\t<label for=\"affwp-user-login\">Nazwa u\u017cytkownika<\/label>\n\t\t\t<input id=\"affwp-user-login\" required=\"required\" type=\"text\" name=\"affwp_user_login\" maxlength=\"60\" value=\"\" title=\"Nazwa u\u017cytkownika\" \/>\n\t\t<\/p>\n\n\t\t<p>\n\t\t\t<label for=\"affwp-user-email\">Email konta<\/label>\n\t\t\t<input id=\"affwp-user-email\" required=\"required\" type=\"email\" name=\"affwp_user_email\" value=\"\" title=\"Adres Email\" \/>\n\t\t<\/p>\n\n\t\t<p>\n\t\t\t<label for=\"affwp-payment-email\">Email do p\u0142atno\u015bci<\/label>\n\t\t\t<input id=\"affwp-payment-email\" type=\"email\" name=\"affwp_payment_email\" value=\"\" title=\"Adres Email do p\u0142atno\u015bci\" \/>\n\t\t<\/p>\n\n\t\t<p>\n\t\t\t<label for=\"affwp-user-url\">Twoja strona<\/label>\n\t\t\t<input id=\"affwp-user-url\" type=\"text\" name=\"affwp_user_url\" value=\"\" title=\"Twoja strona\"  \/>\n\t\t<\/p>\n\n\t\t<p>\n\t\t\t<label for=\"affwp-promotion-method\">Jak b\u0119dziesz nas promowa\u0142?<\/label>\n\t\t\t<textarea id=\"affwp-promotion-method\" name=\"affwp_promotion_method\" rows=\"5\" cols=\"30\"><\/textarea>\n\t\t<\/p>\n\n\t\t\n\t\t\n\t\t\t\t\n\t\t\n\t\t\n\t\t<p>\n\t\t\t<input type=\"hidden\" name=\"affwp_honeypot\" value=\"\" \/>\n\t\t\t<input type=\"hidden\" name=\"affwp_redirect\" value=\"\"\/>\n\t\t\t<input type=\"hidden\" name=\"affwp_register_nonce\" value=\"82829e1c68\" \/>\n\t\t\t<input type=\"hidden\" name=\"affwp_action\" value=\"affiliate_register\" \/>\n\n\t\t\t\n\t\t\t\t\t\t\t<input class=\"button\" type=\"submit\" value=\"Zarejestruj\" \/>\n\t\t\t\t\t<\/p>\n\n\t\t\t<\/fieldset>\n\n\t<\/form>\n\n<form id=\"affwp-login-form\" class=\"affwp-form\" action=\"\" method=\"post\">\n\t\n\t<fieldset>\n\t\t<legend>Zaloguj si\u0119 na swoje konto<\/legend>\n\n\t\t\n\t\t<p>\n\t\t\t<label for=\"affwp-login-user-login\">Nazwa u\u017cytkownika<\/label>\n\t\t\t<input id=\"affwp-login-user-login\" class=\"required\" type=\"text\" name=\"affwp_user_login\" title=\"Nazwa u\u017cytkownika\" \/>\n\t\t<\/p>\n\n\t\t<p>\n\t\t\t<label for=\"affwp-login-user-pass\">Has\u0142o<\/label>\n\t\t\t<input id=\"affwp-login-user-pass\" class=\"password required\" type=\"password\" name=\"affwp_user_pass\" \/>\n\t\t<\/p>\n\n\t\t<p>\n\t\t\t<label class=\"affwp-user-remember\" for=\"affwp-user-remember\">\n\t\t\t\t<input id=\"affwp-user-remember\" type=\"checkbox\" name=\"affwp_user_remember\" value=\"1\" \/> Pami\u0119taj mnie\t\t\t<\/label>\n\t\t<\/p>\n\n\t\t<p>\n\t\t\t<input type=\"hidden\" name=\"affwp_redirect\" value=\"\"\/>\n\t\t\t<input type=\"hidden\" name=\"affwp_login_nonce\" value=\"9d71ea2be5\" \/>\n\t\t\t<input type=\"hidden\" name=\"affwp_action\" value=\"user_login\" \/>\n\t\t\t<input type=\"submit\" class=\"button\" value=\"Logowanie\" \/>\n\t\t<\/p>\n\n\t\t<p class=\"affwp-lost-password\">\n\t\t\t<a href=\"https:\/\/vod.healthyketodiet.com\/pl\/moje-konto\/lost-password\/\">Zapomnia\u0142e\u015b has\u0142o?<\/a>\n\t\t<\/p>\n\n\t\t\t<\/fieldset>\n\n\t<\/form>\n\n","protected":false},"excerpt":{"rendered":"","protected":false},"author":330,"featured_media":0,"parent":0,"menu_order":0,"comment_status":"closed","ping_status":"closed","template":"","meta":{"site-sidebar-layout":"no-sidebar","site-content-layout":"default","ast-site-content-layout":"","site-content-style":"default","site-sidebar-style":"default","ast-global-header-display":"","ast-banner-title-visibility":"","ast-main-header-display":"","ast-hfb-above-header-display":"","ast-hfb-below-header-display":"","ast-hfb-mobile-header-display":"","site-post-title":"","ast-breadcrumbs-content":"","ast-featured-img":"","footer-sml-layout":"","theme-transparent-header-meta":"default","adv-header-id-meta":"","stick-header-meta":"","header-above-stick-meta":"","header-main-stick-meta":"","header-below-stick-meta":"","astra-migrate-meta-layouts":"default","ast-page-background-enabled":"default","ast-page-background-meta":{"desktop":{"background-color":"","background-image":"","background-repeat":"repeat","background-position":"center center","background-size":"auto","background-attachment":"scroll","background-type":"","background-media":"","overlay-type":"","overlay-color":"","overlay-gradient":""},"tablet":{"background-color":"","background-image":"","background-repeat":"repeat","background-position":"center center","background-size":"auto","background-attachment":"scroll","background-type":"","background-media":"","overlay-type":"","overlay-color":"","overlay-gradient":""},"mobile":{"background-color":"","background-image":"","background-repeat":"repeat","background-position":"center center","background-size":"auto","background-attachment":"scroll","background-type":"","background-media":"","overlay-type":"","overlay-color":"","overlay-gradient":""}},"ast-content-background-meta":{"desktop":{"background-color":"var(--ast-global-color-5)","background-image":"","background-repeat":"repeat","background-position":"center center","background-size":"auto","background-attachment":"scroll","background-type":"","background-media":"","overlay-type":"","overlay-color":"","overlay-gradient":""},"tablet":{"background-color":"var(--ast-global-color-5)","background-image":"","background-repeat":"repeat","background-position":"center center","background-size":"auto","background-attachment":"scroll","background-type":"","background-media":"","overlay-type":"","overlay-color":"","overlay-gradient":""},"mobile":{"background-color":"var(--ast-global-color-5)","background-image":"","background-repeat":"repeat","background-position":"center center","background-size":"auto","background-attachment":"scroll","background-type":"","background-media":"","overlay-type":"","overlay-color":"","overlay-gradient":""}},"footnotes":""},"class_list":["post-2051","page","type-page","status-publish","hentry"],"yoast_head":"<!-- This site is optimized with the Yoast SEO plugin v24.0 - https:\/\/yoast.com\/wordpress\/plugins\/seo\/ -->\n<title>Strefa Partnera - Platforma VOD KetoDietetyk.pl - Grzegorz Klonek<\/title>\n<meta name=\"robots\" content=\"noindex, follow, max-snippet:-1, max-image-preview:large, max-video-preview:-1\" \/>\n<meta property=\"og:locale\" content=\"pl_PL\" \/>\n<meta property=\"og:type\" content=\"article\" \/>\n<meta property=\"og:title\" content=\"Strefa Partnera - Platforma VOD KetoDietetyk.pl - Grzegorz Klonek\" \/>\n<meta property=\"og:url\" content=\"https:\/\/vod.healthyketodiet.com\/pl\/strefa-partnera\/\" \/>\n<meta property=\"og:site_name\" content=\"Platforma VOD KetoDietetyk.pl - Grzegorz Klonek\" \/>\n<meta property=\"article:modified_time\" content=\"2021-08-11T13:02:23+00:00\" \/>\n<meta name=\"twitter:card\" content=\"summary_large_image\" \/>\n<meta name=\"twitter:label1\" content=\"Szacowany czas czytania\" \/>\n\t<meta name=\"twitter:data1\" content=\"1 minuta\" \/>\n<script type=\"application\/ld+json\" class=\"yoast-schema-graph\">{\"@context\":\"https:\/\/schema.org\",\"@graph\":[{\"@type\":\"WebPage\",\"@id\":\"https:\/\/vod.healthyketodiet.com\/pl\/strefa-partnera\/\",\"url\":\"https:\/\/vod.healthyketodiet.com\/pl\/strefa-partnera\/\",\"name\":\"Strefa Partnera - Platforma VOD KetoDietetyk.pl - Grzegorz Klonek\",\"isPartOf\":{\"@id\":\"https:\/\/vod.healthyketodiet.com\/pl\/#website\"},\"datePublished\":\"2021-08-11T12:40:58+00:00\",\"dateModified\":\"2021-08-11T13:02:23+00:00\",\"inLanguage\":\"pl-PL\",\"potentialAction\":[{\"@type\":\"ReadAction\",\"target\":[\"https:\/\/vod.healthyketodiet.com\/pl\/strefa-partnera\/\"]}]},{\"@type\":\"WebSite\",\"@id\":\"https:\/\/vod.healthyketodiet.com\/pl\/#website\",\"url\":\"https:\/\/vod.healthyketodiet.com\/pl\/\",\"name\":\"Platforma VOD KetoDietetyk.pl - Grzegorz Klonek\",\"description\":\"\",\"publisher\":{\"@id\":\"https:\/\/vod.healthyketodiet.com\/pl\/#organization\"},\"potentialAction\":[{\"@type\":\"SearchAction\",\"target\":{\"@type\":\"EntryPoint\",\"urlTemplate\":\"https:\/\/vod.healthyketodiet.com\/pl\/?s={search_term_string}\"},\"query-input\":{\"@type\":\"PropertyValueSpecification\",\"valueRequired\":true,\"valueName\":\"search_term_string\"}}],\"inLanguage\":\"pl-PL\"},{\"@type\":\"Organization\",\"@id\":\"https:\/\/vod.healthyketodiet.com\/pl\/#organization\",\"name\":\"Platforma VOD KetoDietetyk.pl - Grzegorz Klonek\",\"url\":\"https:\/\/vod.healthyketodiet.com\/pl\/\",\"logo\":{\"@type\":\"ImageObject\",\"inLanguage\":\"pl-PL\",\"@id\":\"https:\/\/vod.healthyketodiet.com\/pl\/#\/schema\/logo\/image\/\",\"url\":\"https:\/\/vod.healthyketodiet.com\/wp-content\/uploads\/2024\/05\/cropped-enlogo2.png\",\"contentUrl\":\"https:\/\/vod.healthyketodiet.com\/wp-content\/uploads\/2024\/05\/cropped-enlogo2.png\",\"width\":233,\"height\":75,\"caption\":\"Platforma VOD KetoDietetyk.pl - Grzegorz Klonek\"},\"image\":{\"@id\":\"https:\/\/vod.healthyketodiet.com\/pl\/#\/schema\/logo\/image\/\"}}]}<\/script>\n<!-- \/ Yoast SEO plugin. -->","yoast_head_json":{"title":"Strefa Partnera - Platforma VOD KetoDietetyk.pl - Grzegorz Klonek","robots":{"index":"noindex","follow":"follow","max-snippet":"max-snippet:-1","max-image-preview":"max-image-preview:large","max-video-preview":"max-video-preview:-1"},"og_locale":"pl_PL","og_type":"article","og_title":"Strefa Partnera - Platforma VOD KetoDietetyk.pl - Grzegorz Klonek","og_url":"https:\/\/vod.healthyketodiet.com\/pl\/strefa-partnera\/","og_site_name":"Platforma VOD KetoDietetyk.pl - Grzegorz Klonek","article_modified_time":"2021-08-11T13:02:23+00:00","twitter_card":"summary_large_image","twitter_misc":{"Szacowany czas czytania":"1 minuta"},"schema":{"@context":"https:\/\/schema.org","@graph":[{"@type":"WebPage","@id":"https:\/\/vod.healthyketodiet.com\/pl\/strefa-partnera\/","url":"https:\/\/vod.healthyketodiet.com\/pl\/strefa-partnera\/","name":"Strefa Partnera - Platforma VOD KetoDietetyk.pl - Grzegorz Klonek","isPartOf":{"@id":"https:\/\/vod.healthyketodiet.com\/pl\/#website"},"datePublished":"2021-08-11T12:40:58+00:00","dateModified":"2021-08-11T13:02:23+00:00","inLanguage":"pl-PL","potentialAction":[{"@type":"ReadAction","target":["https:\/\/vod.healthyketodiet.com\/pl\/strefa-partnera\/"]}]},{"@type":"WebSite","@id":"https:\/\/vod.healthyketodiet.com\/pl\/#website","url":"https:\/\/vod.healthyketodiet.com\/pl\/","name":"Platforma VOD KetoDietetyk.pl - Grzegorz Klonek","description":"","publisher":{"@id":"https:\/\/vod.healthyketodiet.com\/pl\/#organization"},"potentialAction":[{"@type":"SearchAction","target":{"@type":"EntryPoint","urlTemplate":"https:\/\/vod.healthyketodiet.com\/pl\/?s={search_term_string}"},"query-input":{"@type":"PropertyValueSpecification","valueRequired":true,"valueName":"search_term_string"}}],"inLanguage":"pl-PL"},{"@type":"Organization","@id":"https:\/\/vod.healthyketodiet.com\/pl\/#organization","name":"Platforma VOD KetoDietetyk.pl - Grzegorz Klonek","url":"https:\/\/vod.healthyketodiet.com\/pl\/","logo":{"@type":"ImageObject","inLanguage":"pl-PL","@id":"https:\/\/vod.healthyketodiet.com\/pl\/#\/schema\/logo\/image\/","url":"https:\/\/vod.healthyketodiet.com\/wp-content\/uploads\/2024\/05\/cropped-enlogo2.png","contentUrl":"https:\/\/vod.healthyketodiet.com\/wp-content\/uploads\/2024\/05\/cropped-enlogo2.png","width":233,"height":75,"caption":"Platforma VOD KetoDietetyk.pl - Grzegorz Klonek"},"image":{"@id":"https:\/\/vod.healthyketodiet.com\/pl\/#\/schema\/logo\/image\/"}}]}},"_links":{"self":[{"href":"https:\/\/vod.healthyketodiet.com\/pl\/wp-json\/wp\/v2\/pages\/2051","targetHints":{"allow":["GET"]}}],"collection":[{"href":"https:\/\/vod.healthyketodiet.com\/pl\/wp-json\/wp\/v2\/pages"}],"about":[{"href":"https:\/\/vod.healthyketodiet.com\/pl\/wp-json\/wp\/v2\/types\/page"}],"author":[{"embeddable":true,"href":"https:\/\/vod.healthyketodiet.com\/pl\/wp-json\/wp\/v2\/users\/330"}],"replies":[{"embeddable":true,"href":"https:\/\/vod.healthyketodiet.com\/pl\/wp-json\/wp\/v2\/comments?post=2051"}],"version-history":[{"count":0,"href":"https:\/\/vod.healthyketodiet.com\/pl\/wp-json\/wp\/v2\/pages\/2051\/revisions"}],"wp:attachment":[{"href":"https:\/\/vod.healthyketodiet.com\/pl\/wp-json\/wp\/v2\/media?parent=2051"}],"curies":[{"name":"wp","href":"https:\/\/api.w.org\/{rel}","templated":true}]}}