
{"id":13397,"date":"2024-04-04T17:48:28","date_gmt":"2024-04-04T15:48:28","guid":{"rendered":"https:\/\/vod.healthyketodiet.com\/?page_id=13397"},"modified":"2024-04-04T17:50:45","modified_gmt":"2024-04-04T15:50:45","slug":"jedyny-powod-przez-ktory-nie-mozesz-schudnac-a-v","status":"publish","type":"page","link":"https:\/\/vod.healthyketodiet.com\/pl\/jedyny-powod-przez-ktory-nie-mozesz-schudnac-a-v\/","title":{"rendered":"[Verseo] Jedyny pow\u00f3d, przez kt\u00f3ry nie mo\u017cesz schudn\u0105\u0107"},"content":{"rendered":"\t\t<div data-elementor-type=\"wp-page\" data-elementor-id=\"13397\" class=\"elementor elementor-13397\" data-elementor-settings=\"{&quot;ha_cmc_init_switcher&quot;:&quot;no&quot;}\" data-elementor-post-type=\"page\">\n\t\t\t\t\t\t<section class=\"elementor-section elementor-top-section elementor-element elementor-element-66cd94cc elementor-section-content-middle elementor-section-boxed elementor-section-height-default elementor-section-height-default\" data-id=\"66cd94cc\" data-element_type=\"section\" data-settings=\"{&quot;_ha_eqh_enable&quot;:false}\">\n\t\t\t\t\t\t<div class=\"elementor-container elementor-column-gap-default\">\n\t\t\t\t\t<div class=\"elementor-column elementor-col-50 elementor-top-column elementor-element elementor-element-5715743a\" data-id=\"5715743a\" data-element_type=\"column\" data-settings=\"{&quot;background_background&quot;:&quot;classic&quot;}\">\n\t\t\t<div class=\"elementor-widget-wrap elementor-element-populated\">\n\t\t\t\t\t\t<div class=\"elementor-element elementor-element-1022cdb8 elementor-widget__width-initial elementor-widget elementor-widget-heading\" data-id=\"1022cdb8\" data-element_type=\"widget\" data-widget_type=\"heading.default\">\n\t\t\t\t<div class=\"elementor-widget-container\">\n\t\t\t<h1 class=\"elementor-heading-title elementor-size-xl\">PR\u00d3BUJESZ WSZYSTKIEGO \n<br> I NIC NIE DZIA\u0141A?<\/h1>\t\t<\/div>\n\t\t\t\t<\/div>\n\t\t\t\t<div class=\"elementor-element elementor-element-4a3dc78 elementor-widget__width-initial elementor-widget elementor-widget-heading\" data-id=\"4a3dc78\" data-element_type=\"widget\" data-widget_type=\"heading.default\">\n\t\t\t\t<div class=\"elementor-widget-container\">\n\t\t\t<h2 class=\"elementor-heading-title elementor-size-default\">POBIERZ DARMOWY EBOOK\nI POZNAJ SEKRET:<\/h2>\t\t<\/div>\n\t\t\t\t<\/div>\n\t\t\t\t<div class=\"elementor-element elementor-element-19463c69 elementor-widget__width-initial elementor-widget elementor-widget-heading\" data-id=\"19463c69\" data-element_type=\"widget\" data-widget_type=\"heading.default\">\n\t\t\t\t<div class=\"elementor-widget-container\">\n\t\t\t<h1 class=\"elementor-heading-title elementor-size-xl\">\"JAKI JEST JEDYNY POW\u00d3D DLACZEGO NIE MO\u017bESZ\u00a0SCHUDN\u0104\u0106?\"<\/h1>\t\t<\/div>\n\t\t\t\t<\/div>\n\t\t\t\t<div class=\"elementor-element elementor-element-3b200444 elementor-button-align-center elementor-widget elementor-widget-form\" data-id=\"3b200444\" data-element_type=\"widget\" data-settings=\"{&quot;step_next_label&quot;:&quot;Next&quot;,&quot;step_previous_label&quot;:&quot;Previous&quot;,&quot;button_width&quot;:&quot;100&quot;,&quot;step_type&quot;:&quot;number_text&quot;,&quot;step_icon_shape&quot;:&quot;circle&quot;}\" data-widget_type=\"form.default\">\n\t\t\t\t<div class=\"elementor-widget-container\">\n\t\t\t\t\t<form class=\"elementor-form\" method=\"post\" name=\"New Form\">\n\t\t\t<input type=\"hidden\" name=\"post_id\" value=\"13397\"\/>\n\t\t\t<input type=\"hidden\" name=\"form_id\" value=\"3b200444\"\/>\n\t\t\t<input type=\"hidden\" name=\"referer_title\" value=\"Platforma VOD KetoDietetyk.pl &#8211; Grzegorz Klonek\" \/>\n\n\t\t\t\n\t\t\t<div class=\"elementor-form-fields-wrapper elementor-labels-above\">\n\t\t\t\t\t\t\t\t<div class=\"elementor-field-type-text elementor-field-group elementor-column elementor-field-group-name elementor-col-50 elementor-field-required\">\n\t\t\t\t\t\t\t\t\t\t\t\t<label for=\"form-field-name\" class=\"elementor-field-label\">\n\t\t\t\t\t\t\t\tImi\u0119\t\t\t\t\t\t\t<\/label>\n\t\t\t\t\t\t\t\t\t\t\t\t\t\t<input size=\"1\" type=\"text\" name=\"form_fields[name]\" id=\"form-field-name\" class=\"elementor-field elementor-size-md  elementor-field-textual\" placeholder=\"Podaj swoje imi\u0119\" required=\"required\" aria-required=\"true\">\n\t\t\t\t\t\t\t\t\t\t\t<\/div>\n\t\t\t\t\t\t\t\t<div class=\"elementor-field-type-email elementor-field-group elementor-column elementor-field-group-email elementor-col-50 elementor-field-required\">\n\t\t\t\t\t\t\t\t\t\t\t\t<label for=\"form-field-email\" class=\"elementor-field-label\">\n\t\t\t\t\t\t\t\tE-mail\t\t\t\t\t\t\t<\/label>\n\t\t\t\t\t\t\t\t\t\t\t\t\t\t<input size=\"1\" type=\"email\" name=\"form_fields[email]\" id=\"form-field-email\" class=\"elementor-field elementor-size-md  elementor-field-textual\" placeholder=\"Wpisz sw\u00f3j e-mail\" required=\"required\" aria-required=\"true\">\n\t\t\t\t\t\t\t\t\t\t\t<\/div>\n\t\t\t\t\t\t\t\t<div class=\"elementor-field-type-acceptance elementor-field-group elementor-column elementor-field-group-field_22e1758 elementor-col-100 elementor-field-required\">\n\t\t\t\t\t\t\t<div class=\"elementor-field-subgroup\">\n\t\t\t<span class=\"elementor-field-option\">\n\t\t\t\t<input type=\"checkbox\" name=\"form_fields[field_22e1758]\" id=\"form-field-field_22e1758\" class=\"elementor-field elementor-size-md  elementor-acceptance-field\" required=\"required\" aria-required=\"true\">\n\t\t\t\t<label for=\"form-field-field_22e1758\">Przeczyta\u0142em i akceptuj\u0119 <a href=\"https:\/\/grzegorzklonek.com\/polityka-prywatnosci\/\">Polityk\u0119 prywatno\u015bci<\/a><\/label>\t\t\t<\/span>\n\t\t<\/div>\n\t\t\t\t\t\t<\/div>\n\t\t\t\t\t\t\t\t<div class=\"elementor-field-group elementor-column elementor-field-type-submit elementor-col-100 e-form__buttons\">\n\t\t\t\t\t<button type=\"submit\" class=\"elementor-button elementor-size-lg\">\n\t\t\t\t\t\t<span >\n\t\t\t\t\t\t\t\t\t\t\t\t\t\t\t<span class=\" elementor-button-icon\">\n\t\t\t\t\t\t\t\t\t\t\t\t\t\t\t\t\t\t\t\t\t\t\t\t\t\t<\/span>\n\t\t\t\t\t\t\t\t\t\t\t\t\t\t\t\t\t\t\t\t\t\t<span class=\"elementor-button-text\">Odbieram darmowy Ebook<\/span>\n\t\t\t\t\t\t\t\t\t\t\t\t\t<\/span>\n\t\t\t\t\t<\/button>\n\t\t\t\t<\/div>\n\t\t\t<\/div>\n\t\t<\/form>\n\t\t\t\t<\/div>\n\t\t\t\t<\/div>\n\t\t\t\t<div class=\"elementor-element elementor-element-117d0ecb elementor-widget elementor-widget-text-editor\" data-id=\"117d0ecb\" data-element_type=\"widget\" data-widget_type=\"text-editor.default\">\n\t\t\t\t<div class=\"elementor-widget-container\">\n\t\t\t\t\t\t\tWpisz powy\u017cej sw\u00f3j adres e-mail, abym m\u00f3g\u0142 wys\u0142a\u0107 ebook PDF na Twojego maila.\n\nObiecuj\u0119, \u017ce nigdy nie b\u0119d\u0119 Ci spamowa\u0107, tylko warto\u015bciowe tre\u015bci.\t\t\t\t\t\t<\/div>\n\t\t\t\t<\/div>\n\t\t\t\t\t<\/div>\n\t\t<\/div>\n\t\t\t\t<div class=\"elementor-column elementor-col-50 elementor-top-column elementor-element elementor-element-75be88a5\" data-id=\"75be88a5\" data-element_type=\"column\">\n\t\t\t<div class=\"elementor-widget-wrap elementor-element-populated\">\n\t\t\t\t\t\t<div class=\"elementor-element elementor-element-7c56c301 elementor-widget elementor-widget-image\" data-id=\"7c56c301\" data-element_type=\"widget\" data-widget_type=\"image.default\">\n\t\t\t\t<div class=\"elementor-widget-container\">\n\t\t\t\t\t\t\t\t\t\t\t\t\t<img fetchpriority=\"high\" decoding=\"async\" width=\"1500\" height=\"2000\" src=\"https:\/\/vod.healthyketodiet.com\/wp-content\/uploads\/2024\/03\/Gotowy.png\" class=\"attachment-full size-full wp-image-12934\" alt=\"\" srcset=\"https:\/\/vod.healthyketodiet.com\/wp-content\/uploads\/2024\/03\/Gotowy.png 1500w, https:\/\/vod.healthyketodiet.com\/wp-content\/uploads\/2024\/03\/Gotowy-225x300.png 225w, https:\/\/vod.healthyketodiet.com\/wp-content\/uploads\/2024\/03\/Gotowy-768x1024.png 768w, https:\/\/vod.healthyketodiet.com\/wp-content\/uploads\/2024\/03\/Gotowy-1152x1536.png 1152w, https:\/\/vod.healthyketodiet.com\/wp-content\/uploads\/2024\/03\/Gotowy-600x800.png 600w\" sizes=\"(max-width: 1500px) 100vw, 1500px\" \/>\t\t\t\t\t\t\t\t\t\t\t\t\t<\/div>\n\t\t\t\t<\/div>\n\t\t\t\t\t<\/div>\n\t\t<\/div>\n\t\t\t\t\t<\/div>\n\t\t<\/section>\n\t\t\t\t<section class=\"elementor-section elementor-top-section elementor-element elementor-element-621e187f elementor-section-boxed elementor-section-height-default elementor-section-height-default\" data-id=\"621e187f\" data-element_type=\"section\" data-settings=\"{&quot;_ha_eqh_enable&quot;:false}\">\n\t\t\t\t\t\t<div class=\"elementor-container elementor-column-gap-default\">\n\t\t\t\t\t<div class=\"elementor-column elementor-col-100 elementor-top-column elementor-element elementor-element-e1db237\" data-id=\"e1db237\" data-element_type=\"column\">\n\t\t\t<div class=\"elementor-widget-wrap elementor-element-populated\">\n\t\t\t\t\t\t<div class=\"elementor-element elementor-element-2d1c5ea5 elementor-widget elementor-widget-heading\" data-id=\"2d1c5ea5\" data-element_type=\"widget\" data-widget_type=\"heading.default\">\n\t\t\t\t<div class=\"elementor-widget-container\">\n\t\t\t<h2 class=\"elementor-heading-title elementor-size-default\">Oto czego dowiesz si\u0119 z Ebooka:<\/h2>\t\t<\/div>\n\t\t\t\t<\/div>\n\t\t\t\t<div class=\"elementor-element elementor-element-e966e1d elementor-widget elementor-widget-text-editor\" data-id=\"e966e1d\" data-element_type=\"widget\" data-widget_type=\"text-editor.default\">\n\t\t\t\t<div class=\"elementor-widget-container\">\n\t\t\t\t\t\t\t<p>\ud83d\udd34 Dlaczego nie chudniesz mimo diet, trening\u00f3w i deficytu kalorycznego?<\/p><p>\ud83d\udd34 Dlaczego to nie ilo\u015b\u0107 kalorii decyduje o tyciu i chudni\u0119ciu?<\/p><p>\ud83d\udd34 Jak raz na zawsze odblokowa\u0107 odchudzanie w swoim organizmie?<\/p><p>\ud83d\udd34 Sekret o kt\u00f3rym nie wiedz\u0105 Dietetycy, a kt\u00f3ry jest g\u0142\u00f3wn\u0105 przyczyn\u0105 cukrzycy<\/p><p>\ud83d\udd34 Ten czynnik to najwi\u0119ksza przyczyna cukrzycy typu 2<\/p><p>\ud83d\udd34 Jakie s\u0105 konsekwencje nie rozwi\u0105zania tego problemu?<\/p><p>\ud83d\udd34 Jakie zrobi\u0107 badania aby to sprawdzi\u0107?<\/p><p>\ud83d\udd34 Wykonasz bezp\u0142atny test na obecno\u015b\u0107 tego czynnika<\/p><p>\ud83d\udd34 Jakie rozwi\u0105zania wprowadzi\u0107 aby obni\u017cy\u0107 ten czynnik i poziom cukru we krwi?<\/p><p>\ud83d\udd34 Twoja cukrzyca mo\u017ce by\u0107 ukryta. Jak to sprawdzi\u0107?<\/p>\t\t\t\t\t\t<\/div>\n\t\t\t\t<\/div>\n\t\t\t\t\t<\/div>\n\t\t<\/div>\n\t\t\t\t\t<\/div>\n\t\t<\/section>\n\t\t\t\t<section class=\"elementor-section elementor-top-section elementor-element elementor-element-477721d0 elementor-section-content-middle elementor-section-boxed elementor-section-height-default elementor-section-height-default\" data-id=\"477721d0\" data-element_type=\"section\" data-settings=\"{&quot;_ha_eqh_enable&quot;:false}\">\n\t\t\t\t\t\t<div class=\"elementor-container elementor-column-gap-default\">\n\t\t\t\t\t<div class=\"elementor-column elementor-col-50 elementor-top-column elementor-element elementor-element-6719c212\" data-id=\"6719c212\" data-element_type=\"column\">\n\t\t\t<div class=\"elementor-widget-wrap elementor-element-populated\">\n\t\t\t\t\t\t<div class=\"elementor-element elementor-element-c010cce elementor-widget elementor-widget-heading\" data-id=\"c010cce\" data-element_type=\"widget\" data-widget_type=\"heading.default\">\n\t\t\t\t<div class=\"elementor-widget-container\">\n\t\t\t<h2 class=\"elementor-heading-title elementor-size-default\">Grzegorz Klonek<\/h2>\t\t<\/div>\n\t\t\t\t<\/div>\n\t\t\t\t<div class=\"elementor-element elementor-element-7def02b0 elementor-widget elementor-widget-text-editor\" data-id=\"7def02b0\" data-element_type=\"widget\" data-widget_type=\"text-editor.default\">\n\t\t\t\t<div class=\"elementor-widget-container\">\n\t\t\t\t\t\t\t<p>Dietoterapeuta specjalizuj\u0105cy si\u0119 w pomocy osobom oty\u0142ym, u kt\u00f3rych oty\u0142o\u015b\u0107 jest wynikiem zaburze\u0144 hormonalnych i chor\u00f3b. Od lat pomaga osobom z insulinooporo\u015bci\u0105, cukrzyc\u0105, niedoczynno\u015bci\u0105 tarczycy, PCOS. Z jego rozwi\u0105za\u0144 korzysta oko\u0142o 1500 os\u00f3b rocznie. Diety przygotowuje pod badania krwi, wsp\u00f3\u0142pracuje z lekarzami. Autor pracy naukowej na <a href=\"https:\/\/pubmed.ncbi.nlm.nih.gov\/32580282\/\" target=\"_blank\" rel=\"noopener\">PUB MED<\/a>\u00a0pt:\u00a0The Effects of a Low Calorie Ketogenic Diet on Glycaemic Control Variables in Hyperinsulinemic Overweight\/Obese Females, kt\u00f3ra zosta\u0142a bardzo wysoko oceniona, co dostrzegli lekarze, kt\u00f3rzy na codzie\u0144 z nim wsp\u00f3\u0142pracuj\u0105.<\/p>\t\t\t\t\t\t<\/div>\n\t\t\t\t<\/div>\n\t\t\t\t\t<\/div>\n\t\t<\/div>\n\t\t\t\t<div class=\"elementor-column elementor-col-50 elementor-top-column elementor-element elementor-element-5d2b46e5\" data-id=\"5d2b46e5\" data-element_type=\"column\">\n\t\t\t<div class=\"elementor-widget-wrap elementor-element-populated\">\n\t\t\t\t\t\t<div class=\"elementor-element elementor-element-53cbbfd1 elementor-widget elementor-widget-image\" data-id=\"53cbbfd1\" data-element_type=\"widget\" data-widget_type=\"image.default\">\n\t\t\t\t<div class=\"elementor-widget-container\">\n\t\t\t\t\t\t\t\t\t\t\t\t\t<img decoding=\"async\" width=\"880\" height=\"478\" src=\"https:\/\/vod.healthyketodiet.com\/wp-content\/uploads\/2023\/11\/klonek-wystapienia-2.jpg\" class=\"attachment-large size-large wp-image-6074\" alt=\"\" srcset=\"https:\/\/vod.healthyketodiet.com\/wp-content\/uploads\/2023\/11\/klonek-wystapienia-2.jpg 880w, https:\/\/vod.healthyketodiet.com\/wp-content\/uploads\/2023\/11\/klonek-wystapienia-2-300x163.jpg 300w, https:\/\/vod.healthyketodiet.com\/wp-content\/uploads\/2023\/11\/klonek-wystapienia-2-768x417.jpg 768w, https:\/\/vod.healthyketodiet.com\/wp-content\/uploads\/2023\/11\/klonek-wystapienia-2-600x326.jpg 600w\" sizes=\"(max-width: 880px) 100vw, 880px\" \/>\t\t\t\t\t\t\t\t\t\t\t\t\t<\/div>\n\t\t\t\t<\/div>\n\t\t\t\t\t<\/div>\n\t\t<\/div>\n\t\t\t\t\t<\/div>\n\t\t<\/section>\n\t\t\t\t<\/div>\n\t\t","protected":false},"excerpt":{"rendered":"<p>PR\u00d3BUJESZ WSZYSTKIEGO I NIC NIE DZIA\u0141A? POBIERZ DARMOWY EBOOK I POZNAJ SEKRET: &#8220;JAKI JEST JEDYNY POW\u00d3D DLACZEGO NIE MO\u017bESZ\u00a0SCHUDN\u0104\u0106?&#8221; Wpisz powy\u017cej sw\u00f3j adres e-mail, abym m\u00f3g\u0142 wys\u0142a\u0107 ebook PDF na Twojego maila. Obiecuj\u0119, \u017ce nigdy nie b\u0119d\u0119 Ci spamowa\u0107, tylko warto\u015bciowe tre\u015bci. Oto czego dowiesz si\u0119 z Ebooka: \ud83d\udd34 Dlaczego nie chudniesz mimo diet, trening\u00f3w [&hellip;]<\/p>\n","protected":false},"author":330,"featured_media":0,"parent":0,"menu_order":0,"comment_status":"closed","ping_status":"closed","template":"elementor_canvas","meta":{"site-sidebar-layout":"no-sidebar","site-content-layout":"page-builder","ast-site-content-layout":"full-width-container","site-content-style":"default","site-sidebar-style":"default","ast-global-header-display":"","ast-banner-title-visibility":"","ast-main-header-display":"","ast-hfb-above-header-display":"","ast-hfb-below-header-display":"","ast-hfb-mobile-header-display":"","site-post-title":"disabled","ast-breadcrumbs-content":"","ast-featured-img":"disabled","footer-sml-layout":"","theme-transparent-header-meta":"","adv-header-id-meta":"","stick-header-meta":"","header-above-stick-meta":"","header-main-stick-meta":"","header-below-stick-meta":"","astra-migrate-meta-layouts":"set","ast-page-background-enabled":"default","ast-page-background-meta":{"desktop":{"background-color":"","background-image":"","background-repeat":"repeat","background-position":"center center","background-size":"auto","background-attachment":"scroll","background-type":"","background-media":"","overlay-type":"","overlay-color":"","overlay-gradient":""},"tablet":{"background-color":"","background-image":"","background-repeat":"repeat","background-position":"center center","background-size":"auto","background-attachment":"scroll","background-type":"","background-media":"","overlay-type":"","overlay-color":"","overlay-gradient":""},"mobile":{"background-color":"","background-image":"","background-repeat":"repeat","background-position":"center center","background-size":"auto","background-attachment":"scroll","background-type":"","background-media":"","overlay-type":"","overlay-color":"","overlay-gradient":""}},"ast-content-background-meta":{"desktop":{"background-color":"var(--ast-global-color-5)","background-image":"","background-repeat":"repeat","background-position":"center center","background-size":"auto","background-attachment":"scroll","background-type":"","background-media":"","overlay-type":"","overlay-color":"","overlay-gradient":""},"tablet":{"background-color":"var(--ast-global-color-5)","background-image":"","background-repeat":"repeat","background-position":"center center","background-size":"auto","background-attachment":"scroll","background-type":"","background-media":"","overlay-type":"","overlay-color":"","overlay-gradient":""},"mobile":{"background-color":"var(--ast-global-color-5)","background-image":"","background-repeat":"repeat","background-position":"center center","background-size":"auto","background-attachment":"scroll","background-type":"","background-media":"","overlay-type":"","overlay-color":"","overlay-gradient":""}},"footnotes":""},"class_list":["post-13397","page","type-page","status-publish","hentry"],"yoast_head":"<!-- This site is optimized with the Yoast SEO plugin v24.0 - https:\/\/yoast.com\/wordpress\/plugins\/seo\/ -->\n<title>Jedyny pow\u00f3d dlaczego nie mo\u017cesz schudn\u0105\u0107. Darmowy Ebook<\/title>\n<meta name=\"robots\" content=\"noindex, follow, max-snippet:-1, max-image-preview:large, max-video-preview:-1\" \/>\n<meta property=\"og:locale\" content=\"pl_PL\" \/>\n<meta property=\"og:type\" content=\"article\" \/>\n<meta property=\"og:title\" content=\"Jedyny pow\u00f3d dlaczego nie mo\u017cesz schudn\u0105\u0107. Darmowy Ebook\" \/>\n<meta property=\"og:description\" content=\"PR\u00d3BUJESZ WSZYSTKIEGO I NIC NIE DZIA\u0141A? POBIERZ DARMOWY EBOOK I POZNAJ SEKRET: &#8220;JAKI JEST JEDYNY POW\u00d3D DLACZEGO NIE MO\u017bESZ\u00a0SCHUDN\u0104\u0106?&#8221; Wpisz powy\u017cej sw\u00f3j adres e-mail, abym m\u00f3g\u0142 wys\u0142a\u0107 ebook PDF na Twojego maila. Obiecuj\u0119, \u017ce nigdy nie b\u0119d\u0119 Ci spamowa\u0107, tylko warto\u015bciowe tre\u015bci. Oto czego dowiesz si\u0119 z Ebooka: \ud83d\udd34 Dlaczego nie chudniesz mimo diet, trening\u00f3w [&hellip;]\" \/>\n<meta property=\"og:url\" content=\"https:\/\/vod.healthyketodiet.com\/pl\/jedyny-powod-przez-ktory-nie-mozesz-schudnac-a-v\/\" \/>\n<meta property=\"og:site_name\" content=\"Platforma VOD KetoDietetyk.pl - Grzegorz Klonek\" \/>\n<meta property=\"article:modified_time\" content=\"2024-04-04T15:50:45+00:00\" \/>\n<meta property=\"og:image\" content=\"https:\/\/vod.healthyketodiet.com\/wp-content\/uploads\/2024\/03\/Gotowy.png\" \/>\n<meta name=\"twitter:card\" content=\"summary_large_image\" \/>\n<meta name=\"twitter:label1\" content=\"Szacowany czas czytania\" \/>\n\t<meta name=\"twitter:data1\" content=\"2 minuty\" \/>\n<script type=\"application\/ld+json\" class=\"yoast-schema-graph\">{\"@context\":\"https:\/\/schema.org\",\"@graph\":[{\"@type\":\"WebPage\",\"@id\":\"https:\/\/vod.healthyketodiet.com\/pl\/jedyny-powod-przez-ktory-nie-mozesz-schudnac-a-v\/\",\"url\":\"https:\/\/vod.healthyketodiet.com\/pl\/jedyny-powod-przez-ktory-nie-mozesz-schudnac-a-v\/\",\"name\":\"Jedyny pow\u00f3d dlaczego nie mo\u017cesz schudn\u0105\u0107. Darmowy Ebook\",\"isPartOf\":{\"@id\":\"https:\/\/vod.healthyketodiet.com\/pl\/#website\"},\"primaryImageOfPage\":{\"@id\":\"https:\/\/vod.healthyketodiet.com\/pl\/jedyny-powod-przez-ktory-nie-mozesz-schudnac-a-v\/#primaryimage\"},\"image\":{\"@id\":\"https:\/\/vod.healthyketodiet.com\/pl\/jedyny-powod-przez-ktory-nie-mozesz-schudnac-a-v\/#primaryimage\"},\"thumbnailUrl\":\"https:\/\/vod.healthyketodiet.com\/wp-content\/uploads\/2024\/03\/Gotowy.png\",\"datePublished\":\"2024-04-04T15:48:28+00:00\",\"dateModified\":\"2024-04-04T15:50:45+00:00\",\"inLanguage\":\"pl-PL\",\"potentialAction\":[{\"@type\":\"ReadAction\",\"target\":[\"https:\/\/vod.healthyketodiet.com\/pl\/jedyny-powod-przez-ktory-nie-mozesz-schudnac-a-v\/\"]}]},{\"@type\":\"ImageObject\",\"inLanguage\":\"pl-PL\",\"@id\":\"https:\/\/vod.healthyketodiet.com\/pl\/jedyny-powod-przez-ktory-nie-mozesz-schudnac-a-v\/#primaryimage\",\"url\":\"https:\/\/vod.healthyketodiet.com\/wp-content\/uploads\/2024\/03\/Gotowy.png\",\"contentUrl\":\"https:\/\/vod.healthyketodiet.com\/wp-content\/uploads\/2024\/03\/Gotowy.png\"},{\"@type\":\"WebSite\",\"@id\":\"https:\/\/vod.healthyketodiet.com\/pl\/#website\",\"url\":\"https:\/\/vod.healthyketodiet.com\/pl\/\",\"name\":\"Platforma VOD KetoDietetyk.pl - Grzegorz Klonek\",\"description\":\"\",\"publisher\":{\"@id\":\"https:\/\/vod.healthyketodiet.com\/pl\/#organization\"},\"potentialAction\":[{\"@type\":\"SearchAction\",\"target\":{\"@type\":\"EntryPoint\",\"urlTemplate\":\"https:\/\/vod.healthyketodiet.com\/pl\/?s={search_term_string}\"},\"query-input\":{\"@type\":\"PropertyValueSpecification\",\"valueRequired\":true,\"valueName\":\"search_term_string\"}}],\"inLanguage\":\"pl-PL\"},{\"@type\":\"Organization\",\"@id\":\"https:\/\/vod.healthyketodiet.com\/pl\/#organization\",\"name\":\"Platforma VOD KetoDietetyk.pl - Grzegorz Klonek\",\"url\":\"https:\/\/vod.healthyketodiet.com\/pl\/\",\"logo\":{\"@type\":\"ImageObject\",\"inLanguage\":\"pl-PL\",\"@id\":\"https:\/\/vod.healthyketodiet.com\/pl\/#\/schema\/logo\/image\/\",\"url\":\"https:\/\/vod.healthyketodiet.com\/wp-content\/uploads\/2024\/05\/cropped-enlogo2.png\",\"contentUrl\":\"https:\/\/vod.healthyketodiet.com\/wp-content\/uploads\/2024\/05\/cropped-enlogo2.png\",\"width\":233,\"height\":75,\"caption\":\"Platforma VOD KetoDietetyk.pl - Grzegorz Klonek\"},\"image\":{\"@id\":\"https:\/\/vod.healthyketodiet.com\/pl\/#\/schema\/logo\/image\/\"}}]}<\/script>\n<!-- \/ Yoast SEO plugin. -->","yoast_head_json":{"title":"Jedyny pow\u00f3d dlaczego nie mo\u017cesz schudn\u0105\u0107. Darmowy Ebook","robots":{"index":"noindex","follow":"follow","max-snippet":"max-snippet:-1","max-image-preview":"max-image-preview:large","max-video-preview":"max-video-preview:-1"},"og_locale":"pl_PL","og_type":"article","og_title":"Jedyny pow\u00f3d dlaczego nie mo\u017cesz schudn\u0105\u0107. Darmowy Ebook","og_description":"PR\u00d3BUJESZ WSZYSTKIEGO I NIC NIE DZIA\u0141A? POBIERZ DARMOWY EBOOK I POZNAJ SEKRET: &#8220;JAKI JEST JEDYNY POW\u00d3D DLACZEGO NIE MO\u017bESZ\u00a0SCHUDN\u0104\u0106?&#8221; Wpisz powy\u017cej sw\u00f3j adres e-mail, abym m\u00f3g\u0142 wys\u0142a\u0107 ebook PDF na Twojego maila. Obiecuj\u0119, \u017ce nigdy nie b\u0119d\u0119 Ci spamowa\u0107, tylko warto\u015bciowe tre\u015bci. Oto czego dowiesz si\u0119 z Ebooka: \ud83d\udd34 Dlaczego nie chudniesz mimo diet, trening\u00f3w [&hellip;]","og_url":"https:\/\/vod.healthyketodiet.com\/pl\/jedyny-powod-przez-ktory-nie-mozesz-schudnac-a-v\/","og_site_name":"Platforma VOD KetoDietetyk.pl - Grzegorz Klonek","article_modified_time":"2024-04-04T15:50:45+00:00","og_image":[{"url":"https:\/\/vod.healthyketodiet.com\/wp-content\/uploads\/2024\/03\/Gotowy.png","type":"","width":"","height":""}],"twitter_card":"summary_large_image","twitter_misc":{"Szacowany czas czytania":"2 minuty"},"schema":{"@context":"https:\/\/schema.org","@graph":[{"@type":"WebPage","@id":"https:\/\/vod.healthyketodiet.com\/pl\/jedyny-powod-przez-ktory-nie-mozesz-schudnac-a-v\/","url":"https:\/\/vod.healthyketodiet.com\/pl\/jedyny-powod-przez-ktory-nie-mozesz-schudnac-a-v\/","name":"Jedyny pow\u00f3d dlaczego nie mo\u017cesz schudn\u0105\u0107. Darmowy Ebook","isPartOf":{"@id":"https:\/\/vod.healthyketodiet.com\/pl\/#website"},"primaryImageOfPage":{"@id":"https:\/\/vod.healthyketodiet.com\/pl\/jedyny-powod-przez-ktory-nie-mozesz-schudnac-a-v\/#primaryimage"},"image":{"@id":"https:\/\/vod.healthyketodiet.com\/pl\/jedyny-powod-przez-ktory-nie-mozesz-schudnac-a-v\/#primaryimage"},"thumbnailUrl":"https:\/\/vod.healthyketodiet.com\/wp-content\/uploads\/2024\/03\/Gotowy.png","datePublished":"2024-04-04T15:48:28+00:00","dateModified":"2024-04-04T15:50:45+00:00","inLanguage":"pl-PL","potentialAction":[{"@type":"ReadAction","target":["https:\/\/vod.healthyketodiet.com\/pl\/jedyny-powod-przez-ktory-nie-mozesz-schudnac-a-v\/"]}]},{"@type":"ImageObject","inLanguage":"pl-PL","@id":"https:\/\/vod.healthyketodiet.com\/pl\/jedyny-powod-przez-ktory-nie-mozesz-schudnac-a-v\/#primaryimage","url":"https:\/\/vod.healthyketodiet.com\/wp-content\/uploads\/2024\/03\/Gotowy.png","contentUrl":"https:\/\/vod.healthyketodiet.com\/wp-content\/uploads\/2024\/03\/Gotowy.png"},{"@type":"WebSite","@id":"https:\/\/vod.healthyketodiet.com\/pl\/#website","url":"https:\/\/vod.healthyketodiet.com\/pl\/","name":"Platforma VOD KetoDietetyk.pl - Grzegorz Klonek","description":"","publisher":{"@id":"https:\/\/vod.healthyketodiet.com\/pl\/#organization"},"potentialAction":[{"@type":"SearchAction","target":{"@type":"EntryPoint","urlTemplate":"https:\/\/vod.healthyketodiet.com\/pl\/?s={search_term_string}"},"query-input":{"@type":"PropertyValueSpecification","valueRequired":true,"valueName":"search_term_string"}}],"inLanguage":"pl-PL"},{"@type":"Organization","@id":"https:\/\/vod.healthyketodiet.com\/pl\/#organization","name":"Platforma VOD KetoDietetyk.pl - Grzegorz Klonek","url":"https:\/\/vod.healthyketodiet.com\/pl\/","logo":{"@type":"ImageObject","inLanguage":"pl-PL","@id":"https:\/\/vod.healthyketodiet.com\/pl\/#\/schema\/logo\/image\/","url":"https:\/\/vod.healthyketodiet.com\/wp-content\/uploads\/2024\/05\/cropped-enlogo2.png","contentUrl":"https:\/\/vod.healthyketodiet.com\/wp-content\/uploads\/2024\/05\/cropped-enlogo2.png","width":233,"height":75,"caption":"Platforma VOD KetoDietetyk.pl - Grzegorz Klonek"},"image":{"@id":"https:\/\/vod.healthyketodiet.com\/pl\/#\/schema\/logo\/image\/"}}]}},"_links":{"self":[{"href":"https:\/\/vod.healthyketodiet.com\/pl\/wp-json\/wp\/v2\/pages\/13397","targetHints":{"allow":["GET"]}}],"collection":[{"href":"https:\/\/vod.healthyketodiet.com\/pl\/wp-json\/wp\/v2\/pages"}],"about":[{"href":"https:\/\/vod.healthyketodiet.com\/pl\/wp-json\/wp\/v2\/types\/page"}],"author":[{"embeddable":true,"href":"https:\/\/vod.healthyketodiet.com\/pl\/wp-json\/wp\/v2\/users\/330"}],"replies":[{"embeddable":true,"href":"https:\/\/vod.healthyketodiet.com\/pl\/wp-json\/wp\/v2\/comments?post=13397"}],"version-history":[{"count":0,"href":"https:\/\/vod.healthyketodiet.com\/pl\/wp-json\/wp\/v2\/pages\/13397\/revisions"}],"wp:attachment":[{"href":"https:\/\/vod.healthyketodiet.com\/pl\/wp-json\/wp\/v2\/media?parent=13397"}],"curies":[{"name":"wp","href":"https:\/\/api.w.org\/{rel}","templated":true}]}}